{"id":1772,"date":"2024-08-22T12:37:09","date_gmt":"2024-08-22T09:37:09","guid":{"rendered":"https:\/\/kervanmagazacilik.com\/?post_type=product&#038;p=1772"},"modified":"2024-08-22T12:37:09","modified_gmt":"2024-08-22T09:37:09","slug":"611pym000072","status":"publish","type":"product","link":"https:\/\/kervanmagazacilik.com\/index.php\/urun\/611pym000072\/","title":{"rendered":"611PYM000072"},"content":{"rendered":"<p>611PYM000072<\/p>\n<p>OLDWORLD TEKL\u0130 KOLTUK KAHVE<\/p>\n<p>85x97x105cm<\/p>\n<p>%17 AKR\u0130L\u0130K-%37 PES-%46 V\u0130SCON<\/p>\n<p>COLUMBO PLAIN KINA-S\u0130YAH 3785-399<\/p>\n<p>SADECE KURU TEM\u0130ZLEME YAPILMALIDIR.<\/p>\n<p>OTURUM DER\u0130NL\u0130K :62cm<\/p>\n<p>OTURUM GEN\u0130\u015eL\u0130K :60cm<\/p>\n<p>OTURUM Y\u00dcKSEKL\u0130K :47cm<\/p>\n","protected":false},"excerpt":{"rendered":"<p>611PYM000072 OLDWORLD TEKL\u0130 KOLTUK KAHVE 85x97x105cm %17 AKR\u0130L\u0130K-%37 PES-%46 V\u0130SCON COLUMBO PLAIN KINA-S\u0130YAH 3785-399 SADECE KURU TEM\u0130ZLEME YAPILMALIDIR. OTURUM DER\u0130NL\u0130K :62cm OTURUM GEN\u0130\u015eL\u0130K :60cm OTURUM Y\u00dcKSEKL\u0130K :47cm<\/p>\n","protected":false},"featured_media":1776,"template":"","meta":[],"product_brand":[],"product_cat":[73],"product_tag":[561],"class_list":{"0":"post-1772","1":"product","2":"type-product","3":"status-publish","4":"has-post-thumbnail","6":"product_cat-611pym","7":"product_tag-611pym000072","9":"first","10":"instock","11":"taxable","12":"shipping-taxable","13":"product-type-simple"},"_links":{"self":[{"href":"https:\/\/kervanmagazacilik.com\/index.php\/wp-json\/wp\/v2\/product\/1772","targetHints":{"allow":["GET"]}}],"collection":[{"href":"https:\/\/kervanmagazacilik.com\/index.php\/wp-json\/wp\/v2\/product"}],"about":[{"href":"https:\/\/kervanmagazacilik.com\/index.php\/wp-json\/wp\/v2\/types\/product"}],"wp:featuredmedia":[{"embeddable":true,"href":"https:\/\/kervanmagazacilik.com\/index.php\/wp-json\/wp\/v2\/media\/1776"}],"wp:attachment":[{"href":"https:\/\/kervanmagazacilik.com\/index.php\/wp-json\/wp\/v2\/media?parent=1772"}],"wp:term":[{"taxonomy":"product_brand","embeddable":true,"href":"https:\/\/kervanmagazacilik.com\/index.php\/wp-json\/wp\/v2\/product_brand?post=1772"},{"taxonomy":"product_cat","embeddable":true,"href":"https:\/\/kervanmagazacilik.com\/index.php\/wp-json\/wp\/v2\/product_cat?post=1772"},{"taxonomy":"product_tag","embeddable":true,"href":"https:\/\/kervanmagazacilik.com\/index.php\/wp-json\/wp\/v2\/product_tag?post=1772"}],"curies":[{"name":"wp","href":"https:\/\/api.w.org\/{rel}","templated":true}]}}