{"id":17719,"date":"2024-12-01T18:02:29","date_gmt":"2024-12-01T15:02:29","guid":{"rendered":"https:\/\/kervanmagazacilik.com\/?post_type=product&#038;p=17719"},"modified":"2024-12-01T18:02:30","modified_gmt":"2024-12-01T15:02:30","slug":"241hsh001451","status":"publish","type":"product","link":"https:\/\/kervanmagazacilik.com\/index.php\/urun\/241hsh001451\/","title":{"rendered":"241HSH001451"},"content":{"rendered":"<p>241HSH001451<\/p>\n<p>RIGONNI LINE RUNNER 40x110cm<\/p>\n<p>Sadece kuru temizleme yap\u0131lmal\u0131d\u0131r.<\/p>\n<p>&nbsp;<\/p>\n","protected":false},"excerpt":{"rendered":"<p>241HSH001451 RIGONNI LINE RUNNER 40x110cm Sadece kuru temizleme yap\u0131lmal\u0131d\u0131r. &nbsp;<\/p>\n","protected":false},"featured_media":17720,"template":"","meta":[],"product_brand":[],"product_cat":[2922],"product_tag":[3996],"class_list":{"0":"post-17719","1":"product","2":"type-product","3":"status-publish","4":"has-post-thumbnail","6":"product_cat-241hsh","7":"product_tag-241hsh001451","9":"first","10":"instock","11":"taxable","12":"shipping-taxable","13":"product-type-simple"},"_links":{"self":[{"href":"https:\/\/kervanmagazacilik.com\/index.php\/wp-json\/wp\/v2\/product\/17719","targetHints":{"allow":["GET"]}}],"collection":[{"href":"https:\/\/kervanmagazacilik.com\/index.php\/wp-json\/wp\/v2\/product"}],"about":[{"href":"https:\/\/kervanmagazacilik.com\/index.php\/wp-json\/wp\/v2\/types\/product"}],"wp:featuredmedia":[{"embeddable":true,"href":"https:\/\/kervanmagazacilik.com\/index.php\/wp-json\/wp\/v2\/media\/17720"}],"wp:attachment":[{"href":"https:\/\/kervanmagazacilik.com\/index.php\/wp-json\/wp\/v2\/media?parent=17719"}],"wp:term":[{"taxonomy":"product_brand","embeddable":true,"href":"https:\/\/kervanmagazacilik.com\/index.php\/wp-json\/wp\/v2\/product_brand?post=17719"},{"taxonomy":"product_cat","embeddable":true,"href":"https:\/\/kervanmagazacilik.com\/index.php\/wp-json\/wp\/v2\/product_cat?post=17719"},{"taxonomy":"product_tag","embeddable":true,"href":"https:\/\/kervanmagazacilik.com\/index.php\/wp-json\/wp\/v2\/product_tag?post=17719"}],"curies":[{"name":"wp","href":"https:\/\/api.w.org\/{rel}","templated":true}]}}