{"id":17717,"date":"2024-12-01T17:58:32","date_gmt":"2024-12-01T14:58:32","guid":{"rendered":"https:\/\/kervanmagazacilik.com\/?post_type=product&#038;p=17717"},"modified":"2024-12-01T17:58:32","modified_gmt":"2024-12-01T14:58:32","slug":"241hsh001447","status":"publish","type":"product","link":"https:\/\/kervanmagazacilik.com\/index.php\/urun\/241hsh001447\/","title":{"rendered":"241HSH001447"},"content":{"rendered":"<p>241HSH001447<\/p>\n<p>MONSTERA SUPLA YESIL-KAHVE 40x40cm<\/p>\n<p>El \u00f6rg\u00fcs\u00fcd\u00fcr.<br \/>\nSadece kuru temizleme yap\u0131lmal\u0131d\u0131r.<\/p>\n<p>&nbsp;<\/p>\n","protected":false},"excerpt":{"rendered":"<p>241HSH001447 MONSTERA SUPLA YESIL-KAHVE 40x40cm El \u00f6rg\u00fcs\u00fcd\u00fcr. Sadece kuru temizleme yap\u0131lmal\u0131d\u0131r. &nbsp;<\/p>\n","protected":false},"featured_media":17718,"template":"","meta":[],"product_brand":[],"product_cat":[2922],"product_tag":[3995],"class_list":{"0":"post-17717","1":"product","2":"type-product","3":"status-publish","4":"has-post-thumbnail","6":"product_cat-241hsh","7":"product_tag-241hsh001447","9":"first","10":"instock","11":"taxable","12":"shipping-taxable","13":"product-type-simple"},"_links":{"self":[{"href":"https:\/\/kervanmagazacilik.com\/index.php\/wp-json\/wp\/v2\/product\/17717","targetHints":{"allow":["GET"]}}],"collection":[{"href":"https:\/\/kervanmagazacilik.com\/index.php\/wp-json\/wp\/v2\/product"}],"about":[{"href":"https:\/\/kervanmagazacilik.com\/index.php\/wp-json\/wp\/v2\/types\/product"}],"wp:featuredmedia":[{"embeddable":true,"href":"https:\/\/kervanmagazacilik.com\/index.php\/wp-json\/wp\/v2\/media\/17718"}],"wp:attachment":[{"href":"https:\/\/kervanmagazacilik.com\/index.php\/wp-json\/wp\/v2\/media?parent=17717"}],"wp:term":[{"taxonomy":"product_brand","embeddable":true,"href":"https:\/\/kervanmagazacilik.com\/index.php\/wp-json\/wp\/v2\/product_brand?post=17717"},{"taxonomy":"product_cat","embeddable":true,"href":"https:\/\/kervanmagazacilik.com\/index.php\/wp-json\/wp\/v2\/product_cat?post=17717"},{"taxonomy":"product_tag","embeddable":true,"href":"https:\/\/kervanmagazacilik.com\/index.php\/wp-json\/wp\/v2\/product_tag?post=17717"}],"curies":[{"name":"wp","href":"https:\/\/api.w.org\/{rel}","templated":true}]}}