{"id":17695,"date":"2024-12-01T17:43:04","date_gmt":"2024-12-01T14:43:04","guid":{"rendered":"https:\/\/kervanmagazacilik.com\/?post_type=product&#038;p=17695"},"modified":"2024-12-01T17:43:04","modified_gmt":"2024-12-01T14:43:04","slug":"241hsh001420","status":"publish","type":"product","link":"https:\/\/kervanmagazacilik.com\/index.php\/urun\/241hsh001420\/","title":{"rendered":"241HSH001420"},"content":{"rendered":"<p>241HSH001420<\/p>\n<p>RIGONNI BALIK KASIKLIK NATURAL 11x16cm<\/p>\n<p>Sadece kuru temizleme yap\u0131lmal\u0131d\u0131r<\/p>\n","protected":false},"excerpt":{"rendered":"<p>241HSH001420 RIGONNI BALIK KASIKLIK NATURAL 11x16cm Sadece kuru temizleme yap\u0131lmal\u0131d\u0131r<\/p>\n","protected":false},"featured_media":17696,"template":"","meta":[],"product_brand":[],"product_cat":[2922],"product_tag":[3990],"class_list":{"0":"post-17695","1":"product","2":"type-product","3":"status-publish","4":"has-post-thumbnail","6":"product_cat-241hsh","7":"product_tag-241hsh001420","9":"first","10":"instock","11":"taxable","12":"shipping-taxable","13":"product-type-simple"},"_links":{"self":[{"href":"https:\/\/kervanmagazacilik.com\/index.php\/wp-json\/wp\/v2\/product\/17695","targetHints":{"allow":["GET"]}}],"collection":[{"href":"https:\/\/kervanmagazacilik.com\/index.php\/wp-json\/wp\/v2\/product"}],"about":[{"href":"https:\/\/kervanmagazacilik.com\/index.php\/wp-json\/wp\/v2\/types\/product"}],"wp:featuredmedia":[{"embeddable":true,"href":"https:\/\/kervanmagazacilik.com\/index.php\/wp-json\/wp\/v2\/media\/17696"}],"wp:attachment":[{"href":"https:\/\/kervanmagazacilik.com\/index.php\/wp-json\/wp\/v2\/media?parent=17695"}],"wp:term":[{"taxonomy":"product_brand","embeddable":true,"href":"https:\/\/kervanmagazacilik.com\/index.php\/wp-json\/wp\/v2\/product_brand?post=17695"},{"taxonomy":"product_cat","embeddable":true,"href":"https:\/\/kervanmagazacilik.com\/index.php\/wp-json\/wp\/v2\/product_cat?post=17695"},{"taxonomy":"product_tag","embeddable":true,"href":"https:\/\/kervanmagazacilik.com\/index.php\/wp-json\/wp\/v2\/product_tag?post=17695"}],"curies":[{"name":"wp","href":"https:\/\/api.w.org\/{rel}","templated":true}]}}