{"id":17687,"date":"2024-12-01T17:33:18","date_gmt":"2024-12-01T14:33:18","guid":{"rendered":"https:\/\/kervanmagazacilik.com\/?post_type=product&#038;p=17687"},"modified":"2024-12-01T17:33:18","modified_gmt":"2024-12-01T14:33:18","slug":"241hsh001417","status":"publish","type":"product","link":"https:\/\/kervanmagazacilik.com\/index.php\/urun\/241hsh001417\/","title":{"rendered":"241HSH001417"},"content":{"rendered":"<p>241HSH001417<\/p>\n<p>RIGONNI PECETE HALKASI NATURAL CAP:15cm<\/p>\n<p>Sadece kuru temizleme yap\u0131lmal\u0131d\u0131r<\/p>\n<p>&nbsp;<\/p>\n","protected":false},"excerpt":{"rendered":"<p>241HSH001417 RIGONNI PECETE HALKASI NATURAL CAP:15cm Sadece kuru temizleme yap\u0131lmal\u0131d\u0131r &nbsp;<\/p>\n","protected":false},"featured_media":17688,"template":"","meta":[],"product_brand":[],"product_cat":[2922],"product_tag":[3987],"class_list":{"0":"post-17687","1":"product","2":"type-product","3":"status-publish","4":"has-post-thumbnail","6":"product_cat-241hsh","7":"product_tag-241hsh001417","9":"first","10":"instock","11":"taxable","12":"shipping-taxable","13":"product-type-simple"},"_links":{"self":[{"href":"https:\/\/kervanmagazacilik.com\/index.php\/wp-json\/wp\/v2\/product\/17687","targetHints":{"allow":["GET"]}}],"collection":[{"href":"https:\/\/kervanmagazacilik.com\/index.php\/wp-json\/wp\/v2\/product"}],"about":[{"href":"https:\/\/kervanmagazacilik.com\/index.php\/wp-json\/wp\/v2\/types\/product"}],"wp:featuredmedia":[{"embeddable":true,"href":"https:\/\/kervanmagazacilik.com\/index.php\/wp-json\/wp\/v2\/media\/17688"}],"wp:attachment":[{"href":"https:\/\/kervanmagazacilik.com\/index.php\/wp-json\/wp\/v2\/media?parent=17687"}],"wp:term":[{"taxonomy":"product_brand","embeddable":true,"href":"https:\/\/kervanmagazacilik.com\/index.php\/wp-json\/wp\/v2\/product_brand?post=17687"},{"taxonomy":"product_cat","embeddable":true,"href":"https:\/\/kervanmagazacilik.com\/index.php\/wp-json\/wp\/v2\/product_cat?post=17687"},{"taxonomy":"product_tag","embeddable":true,"href":"https:\/\/kervanmagazacilik.com\/index.php\/wp-json\/wp\/v2\/product_tag?post=17687"}],"curies":[{"name":"wp","href":"https:\/\/api.w.org\/{rel}","templated":true}]}}