{"id":1767,"date":"2024-08-22T12:23:28","date_gmt":"2024-08-22T09:23:28","guid":{"rendered":"https:\/\/kervanmagazacilik.com\/?post_type=product&#038;p=1767"},"modified":"2024-08-22T12:23:28","modified_gmt":"2024-08-22T09:23:28","slug":"611pym000090","status":"publish","type":"product","link":"https:\/\/kervanmagazacilik.com\/index.php\/urun\/611pym000090\/","title":{"rendered":"611PYM000090"},"content":{"rendered":"<p>611PYM000090<\/p>\n<p>SOMERTON \u00dc\u00c7L\u00dc KOLTUK BEJ<\/p>\n<p>95x235x85cm (SPACE 22946-02)<\/p>\n<p>%79 POLYESTER &#8211; % 21 COTTON<\/p>\n<p>KURU TEM\u0130ZLEME YAPILMALIDIR.<\/p>\n","protected":false},"excerpt":{"rendered":"<p>611PYM000090 SOMERTON \u00dc\u00c7L\u00dc KOLTUK BEJ 95x235x85cm (SPACE 22946-02) %79 POLYESTER &#8211; % 21 COTTON KURU TEM\u0130ZLEME YAPILMALIDIR.<\/p>\n","protected":false},"featured_media":1771,"template":"","meta":[],"product_brand":[],"product_cat":[73],"product_tag":[560],"class_list":{"0":"post-1767","1":"product","2":"type-product","3":"status-publish","4":"has-post-thumbnail","6":"product_cat-611pym","7":"product_tag-611pym000090","9":"first","10":"instock","11":"taxable","12":"shipping-taxable","13":"product-type-simple"},"_links":{"self":[{"href":"https:\/\/kervanmagazacilik.com\/index.php\/wp-json\/wp\/v2\/product\/1767","targetHints":{"allow":["GET"]}}],"collection":[{"href":"https:\/\/kervanmagazacilik.com\/index.php\/wp-json\/wp\/v2\/product"}],"about":[{"href":"https:\/\/kervanmagazacilik.com\/index.php\/wp-json\/wp\/v2\/types\/product"}],"wp:featuredmedia":[{"embeddable":true,"href":"https:\/\/kervanmagazacilik.com\/index.php\/wp-json\/wp\/v2\/media\/1771"}],"wp:attachment":[{"href":"https:\/\/kervanmagazacilik.com\/index.php\/wp-json\/wp\/v2\/media?parent=1767"}],"wp:term":[{"taxonomy":"product_brand","embeddable":true,"href":"https:\/\/kervanmagazacilik.com\/index.php\/wp-json\/wp\/v2\/product_brand?post=1767"},{"taxonomy":"product_cat","embeddable":true,"href":"https:\/\/kervanmagazacilik.com\/index.php\/wp-json\/wp\/v2\/product_cat?post=1767"},{"taxonomy":"product_tag","embeddable":true,"href":"https:\/\/kervanmagazacilik.com\/index.php\/wp-json\/wp\/v2\/product_tag?post=1767"}],"curies":[{"name":"wp","href":"https:\/\/api.w.org\/{rel}","templated":true}]}}