{"id":17659,"date":"2024-12-01T02:53:48","date_gmt":"2024-11-30T23:53:48","guid":{"rendered":"https:\/\/kervanmagazacilik.com\/?post_type=product&#038;p=17659"},"modified":"2024-12-01T02:53:49","modified_gmt":"2024-11-30T23:53:49","slug":"759shi000030","status":"publish","type":"product","link":"https:\/\/kervanmagazacilik.com\/index.php\/urun\/759shi000030\/","title":{"rendered":"759SHI000030"},"content":{"rendered":"<p>759SHI000030<\/p>\n<p>CROCO DEKORATIF KUTU GOLD 15.5&#215;15.5&#215;9.2cm<\/p>\n<p>Kuru bez ile toz al\u0131nmal\u0131d\u0131r.<\/p>\n","protected":false},"excerpt":{"rendered":"<p>759SHI000030 CROCO DEKORATIF KUTU GOLD 15.5&#215;15.5&#215;9.2cm Kuru bez ile toz al\u0131nmal\u0131d\u0131r.<\/p>\n","protected":false},"featured_media":17660,"template":"","meta":[],"product_brand":[],"product_cat":[3934],"product_tag":[3978],"class_list":{"0":"post-17659","1":"product","2":"type-product","3":"status-publish","4":"has-post-thumbnail","6":"product_cat-759shi","7":"product_tag-759shi000030","9":"first","10":"instock","11":"taxable","12":"shipping-taxable","13":"product-type-simple"},"_links":{"self":[{"href":"https:\/\/kervanmagazacilik.com\/index.php\/wp-json\/wp\/v2\/product\/17659","targetHints":{"allow":["GET"]}}],"collection":[{"href":"https:\/\/kervanmagazacilik.com\/index.php\/wp-json\/wp\/v2\/product"}],"about":[{"href":"https:\/\/kervanmagazacilik.com\/index.php\/wp-json\/wp\/v2\/types\/product"}],"wp:featuredmedia":[{"embeddable":true,"href":"https:\/\/kervanmagazacilik.com\/index.php\/wp-json\/wp\/v2\/media\/17660"}],"wp:attachment":[{"href":"https:\/\/kervanmagazacilik.com\/index.php\/wp-json\/wp\/v2\/media?parent=17659"}],"wp:term":[{"taxonomy":"product_brand","embeddable":true,"href":"https:\/\/kervanmagazacilik.com\/index.php\/wp-json\/wp\/v2\/product_brand?post=17659"},{"taxonomy":"product_cat","embeddable":true,"href":"https:\/\/kervanmagazacilik.com\/index.php\/wp-json\/wp\/v2\/product_cat?post=17659"},{"taxonomy":"product_tag","embeddable":true,"href":"https:\/\/kervanmagazacilik.com\/index.php\/wp-json\/wp\/v2\/product_tag?post=17659"}],"curies":[{"name":"wp","href":"https:\/\/api.w.org\/{rel}","templated":true}]}}