{"id":17637,"date":"2024-12-01T02:35:53","date_gmt":"2024-11-30T23:35:53","guid":{"rendered":"https:\/\/kervanmagazacilik.com\/?post_type=product&#038;p=17637"},"modified":"2024-12-01T02:35:54","modified_gmt":"2024-11-30T23:35:54","slug":"759shi000024","status":"publish","type":"product","link":"https:\/\/kervanmagazacilik.com\/index.php\/urun\/759shi000024\/","title":{"rendered":"759SHI000024"},"content":{"rendered":"<p>759SHI000024<\/p>\n<p>CF1170070-L65 CROCO DEKORATIF KUTU YESIL 14x14x25.5cm<\/p>\n<p>Kuru bez ile toz al\u0131nmal\u0131d\u0131r.<\/p>\n","protected":false},"excerpt":{"rendered":"<p>759SHI000024 CF1170070-L65 CROCO DEKORATIF KUTU YESIL 14x14x25.5cm Kuru bez ile toz al\u0131nmal\u0131d\u0131r.<\/p>\n","protected":false},"featured_media":17638,"template":"","meta":[],"product_brand":[],"product_cat":[3934],"product_tag":[3971],"class_list":{"0":"post-17637","1":"product","2":"type-product","3":"status-publish","4":"has-post-thumbnail","6":"product_cat-759shi","7":"product_tag-759shi000024","9":"first","10":"instock","11":"taxable","12":"shipping-taxable","13":"product-type-simple"},"_links":{"self":[{"href":"https:\/\/kervanmagazacilik.com\/index.php\/wp-json\/wp\/v2\/product\/17637","targetHints":{"allow":["GET"]}}],"collection":[{"href":"https:\/\/kervanmagazacilik.com\/index.php\/wp-json\/wp\/v2\/product"}],"about":[{"href":"https:\/\/kervanmagazacilik.com\/index.php\/wp-json\/wp\/v2\/types\/product"}],"wp:featuredmedia":[{"embeddable":true,"href":"https:\/\/kervanmagazacilik.com\/index.php\/wp-json\/wp\/v2\/media\/17638"}],"wp:attachment":[{"href":"https:\/\/kervanmagazacilik.com\/index.php\/wp-json\/wp\/v2\/media?parent=17637"}],"wp:term":[{"taxonomy":"product_brand","embeddable":true,"href":"https:\/\/kervanmagazacilik.com\/index.php\/wp-json\/wp\/v2\/product_brand?post=17637"},{"taxonomy":"product_cat","embeddable":true,"href":"https:\/\/kervanmagazacilik.com\/index.php\/wp-json\/wp\/v2\/product_cat?post=17637"},{"taxonomy":"product_tag","embeddable":true,"href":"https:\/\/kervanmagazacilik.com\/index.php\/wp-json\/wp\/v2\/product_tag?post=17637"}],"curies":[{"name":"wp","href":"https:\/\/api.w.org\/{rel}","templated":true}]}}