{"id":17617,"date":"2024-12-01T02:17:43","date_gmt":"2024-11-30T23:17:43","guid":{"rendered":"https:\/\/kervanmagazacilik.com\/?post_type=product&#038;p=17617"},"modified":"2024-12-01T02:17:44","modified_gmt":"2024-11-30T23:17:44","slug":"759shi000020","status":"publish","type":"product","link":"https:\/\/kervanmagazacilik.com\/index.php\/urun\/759shi000020\/","title":{"rendered":"759SHI000020"},"content":{"rendered":"<p>759SHI000020<\/p>\n<p>CF1170063-L61 CROCO CERCEVE KAHVERENGI 21.2&#215;1.8&#215;26.5cm<\/p>\n<p>Kuru bez ile toz al\u0131nmal\u0131d\u0131r.<\/p>\n","protected":false},"excerpt":{"rendered":"<p>759SHI000020 CF1170063-L61 CROCO CERCEVE KAHVERENGI 21.2&#215;1.8&#215;26.5cm Kuru bez ile toz al\u0131nmal\u0131d\u0131r.<\/p>\n","protected":false},"featured_media":17619,"template":"","meta":[],"product_brand":[],"product_cat":[3934],"product_tag":[3967],"class_list":{"0":"post-17617","1":"product","2":"type-product","3":"status-publish","4":"has-post-thumbnail","6":"product_cat-759shi","7":"product_tag-759shi000020","9":"first","10":"instock","11":"taxable","12":"shipping-taxable","13":"product-type-simple"},"_links":{"self":[{"href":"https:\/\/kervanmagazacilik.com\/index.php\/wp-json\/wp\/v2\/product\/17617","targetHints":{"allow":["GET"]}}],"collection":[{"href":"https:\/\/kervanmagazacilik.com\/index.php\/wp-json\/wp\/v2\/product"}],"about":[{"href":"https:\/\/kervanmagazacilik.com\/index.php\/wp-json\/wp\/v2\/types\/product"}],"wp:featuredmedia":[{"embeddable":true,"href":"https:\/\/kervanmagazacilik.com\/index.php\/wp-json\/wp\/v2\/media\/17619"}],"wp:attachment":[{"href":"https:\/\/kervanmagazacilik.com\/index.php\/wp-json\/wp\/v2\/media?parent=17617"}],"wp:term":[{"taxonomy":"product_brand","embeddable":true,"href":"https:\/\/kervanmagazacilik.com\/index.php\/wp-json\/wp\/v2\/product_brand?post=17617"},{"taxonomy":"product_cat","embeddable":true,"href":"https:\/\/kervanmagazacilik.com\/index.php\/wp-json\/wp\/v2\/product_cat?post=17617"},{"taxonomy":"product_tag","embeddable":true,"href":"https:\/\/kervanmagazacilik.com\/index.php\/wp-json\/wp\/v2\/product_tag?post=17617"}],"curies":[{"name":"wp","href":"https:\/\/api.w.org\/{rel}","templated":true}]}}