{"id":17608,"date":"2024-12-01T02:13:43","date_gmt":"2024-11-30T23:13:43","guid":{"rendered":"https:\/\/kervanmagazacilik.com\/?post_type=product&#038;p=17608"},"modified":"2024-12-01T02:13:43","modified_gmt":"2024-11-30T23:13:43","slug":"241063011773","status":"publish","type":"product","link":"https:\/\/kervanmagazacilik.com\/index.php\/urun\/241063011773\/","title":{"rendered":"241063011773"},"content":{"rendered":"<p>241063011773<\/p>\n<p>LIVIANA AMERIKAN SERVIS SIYAH-HARDAL 35x50cm<\/p>\n<p>Kuma\u015f, %70 polyester &#8211; %30 ipek<br \/>\nAksesuar, %100 polyester<br \/>\n30 derecede narin y\u0131kama yap\u0131lmal\u0131d\u0131r<br \/>\nA\u011fart\u0131c\u0131 kullan\u0131lmaz<br \/>\nTamburlu kurutma yap\u0131lmaz<br \/>\nD\u00fc\u015f\u00fck \u0131s\u0131da \u00fct\u00fclenmelidir<\/p>\n","protected":false},"excerpt":{"rendered":"<p>241063011773 LIVIANA AMERIKAN SERVIS SIYAH-HARDAL 35x50cm Kuma\u015f, %70 polyester &#8211; %30 ipek Aksesuar, %100 polyester 30 derecede narin y\u0131kama yap\u0131lmal\u0131d\u0131r A\u011fart\u0131c\u0131 kullan\u0131lmaz Tamburlu kurutma yap\u0131lmaz D\u00fc\u015f\u00fck \u0131s\u0131da \u00fct\u00fclenmelidir<\/p>\n","protected":false},"featured_media":17611,"template":"","meta":[],"product_brand":[],"product_cat":[3250],"product_tag":[3965],"class_list":{"0":"post-17608","1":"product","2":"type-product","3":"status-publish","4":"has-post-thumbnail","6":"product_cat-3250","7":"product_tag-3965","9":"first","10":"instock","11":"taxable","12":"shipping-taxable","13":"product-type-simple"},"_links":{"self":[{"href":"https:\/\/kervanmagazacilik.com\/index.php\/wp-json\/wp\/v2\/product\/17608","targetHints":{"allow":["GET"]}}],"collection":[{"href":"https:\/\/kervanmagazacilik.com\/index.php\/wp-json\/wp\/v2\/product"}],"about":[{"href":"https:\/\/kervanmagazacilik.com\/index.php\/wp-json\/wp\/v2\/types\/product"}],"wp:featuredmedia":[{"embeddable":true,"href":"https:\/\/kervanmagazacilik.com\/index.php\/wp-json\/wp\/v2\/media\/17611"}],"wp:attachment":[{"href":"https:\/\/kervanmagazacilik.com\/index.php\/wp-json\/wp\/v2\/media?parent=17608"}],"wp:term":[{"taxonomy":"product_brand","embeddable":true,"href":"https:\/\/kervanmagazacilik.com\/index.php\/wp-json\/wp\/v2\/product_brand?post=17608"},{"taxonomy":"product_cat","embeddable":true,"href":"https:\/\/kervanmagazacilik.com\/index.php\/wp-json\/wp\/v2\/product_cat?post=17608"},{"taxonomy":"product_tag","embeddable":true,"href":"https:\/\/kervanmagazacilik.com\/index.php\/wp-json\/wp\/v2\/product_tag?post=17608"}],"curies":[{"name":"wp","href":"https:\/\/api.w.org\/{rel}","templated":true}]}}