{"id":17571,"date":"2024-12-01T00:42:54","date_gmt":"2024-11-30T21:42:54","guid":{"rendered":"https:\/\/kervanmagazacilik.com\/?post_type=product&#038;p=17571"},"modified":"2024-12-01T00:48:51","modified_gmt":"2024-11-30T21:48:51","slug":"161hsh000748","status":"publish","type":"product","link":"https:\/\/kervanmagazacilik.com\/index.php\/urun\/161hsh000748\/","title":{"rendered":"161HSH000748"},"content":{"rendered":"<p>161HSH000748<\/p>\n<p>MARIANELA BORNOZ XL BEDEN BEJ<\/p>\n<p>BORNOZ: XL BEDEN \u00d6l\u00e7\u00fcler +\/- 5 cm de\u011fi\u015fkenlik g\u00f6sterebilir 30 derece y\u0131kama \u00c7ama\u015f\u0131r suyu konamaz Kurutma makinesinde kurutulamaz D\u00fc\u015f\u00fck \u0131s\u0131da \u00fct\u00fclenmelidir<\/p>\n","protected":false},"excerpt":{"rendered":"<p>161HSH000748 MARIANELA BORNOZ XL BEDEN BEJ BORNOZ: XL BEDEN \u00d6l\u00e7\u00fcler +\/- 5 cm de\u011fi\u015fkenlik g\u00f6sterebilir 30 derece y\u0131kama \u00c7ama\u015f\u0131r suyu konamaz Kurutma makinesinde kurutulamaz D\u00fc\u015f\u00fck \u0131s\u0131da \u00fct\u00fclenmelidir<\/p>\n","protected":false},"featured_media":17575,"template":"","meta":[],"product_brand":[],"product_cat":[2878],"product_tag":[3950],"class_list":{"0":"post-17571","1":"product","2":"type-product","3":"status-publish","4":"has-post-thumbnail","6":"product_cat-161hsh","7":"product_tag-161hsh000748","9":"first","10":"instock","11":"taxable","12":"shipping-taxable","13":"product-type-simple"},"_links":{"self":[{"href":"https:\/\/kervanmagazacilik.com\/index.php\/wp-json\/wp\/v2\/product\/17571","targetHints":{"allow":["GET"]}}],"collection":[{"href":"https:\/\/kervanmagazacilik.com\/index.php\/wp-json\/wp\/v2\/product"}],"about":[{"href":"https:\/\/kervanmagazacilik.com\/index.php\/wp-json\/wp\/v2\/types\/product"}],"wp:featuredmedia":[{"embeddable":true,"href":"https:\/\/kervanmagazacilik.com\/index.php\/wp-json\/wp\/v2\/media\/17575"}],"wp:attachment":[{"href":"https:\/\/kervanmagazacilik.com\/index.php\/wp-json\/wp\/v2\/media?parent=17571"}],"wp:term":[{"taxonomy":"product_brand","embeddable":true,"href":"https:\/\/kervanmagazacilik.com\/index.php\/wp-json\/wp\/v2\/product_brand?post=17571"},{"taxonomy":"product_cat","embeddable":true,"href":"https:\/\/kervanmagazacilik.com\/index.php\/wp-json\/wp\/v2\/product_cat?post=17571"},{"taxonomy":"product_tag","embeddable":true,"href":"https:\/\/kervanmagazacilik.com\/index.php\/wp-json\/wp\/v2\/product_tag?post=17571"}],"curies":[{"name":"wp","href":"https:\/\/api.w.org\/{rel}","templated":true}]}}