{"id":17525,"date":"2024-11-30T23:49:43","date_gmt":"2024-11-30T20:49:43","guid":{"rendered":"https:\/\/kervanmagazacilik.com\/?post_type=product&#038;p=17525"},"modified":"2024-11-30T23:49:44","modified_gmt":"2024-11-30T20:49:44","slug":"759shi000009","status":"publish","type":"product","link":"https:\/\/kervanmagazacilik.com\/index.php\/urun\/759shi000009\/","title":{"rendered":"759SHI000009"},"content":{"rendered":"<p>759SHI000009<\/p>\n<p>CF1170791-L75 CROCO VAZO LACIVERT 11x11x25cm<\/p>\n<p>Kuru bez ile toz al\u0131nmal\u0131d\u0131r.<\/p>\n","protected":false},"excerpt":{"rendered":"<p>759SHI000009 CF1170791-L75 CROCO VAZO LACIVERT 11x11x25cm Kuru bez ile toz al\u0131nmal\u0131d\u0131r.<\/p>\n","protected":false},"featured_media":17528,"template":"","meta":[],"product_brand":[],"product_cat":[3934],"product_tag":[3942],"class_list":{"0":"post-17525","1":"product","2":"type-product","3":"status-publish","4":"has-post-thumbnail","6":"product_cat-759shi","7":"product_tag-759shi000009","9":"first","10":"instock","11":"taxable","12":"shipping-taxable","13":"product-type-simple"},"_links":{"self":[{"href":"https:\/\/kervanmagazacilik.com\/index.php\/wp-json\/wp\/v2\/product\/17525","targetHints":{"allow":["GET"]}}],"collection":[{"href":"https:\/\/kervanmagazacilik.com\/index.php\/wp-json\/wp\/v2\/product"}],"about":[{"href":"https:\/\/kervanmagazacilik.com\/index.php\/wp-json\/wp\/v2\/types\/product"}],"wp:featuredmedia":[{"embeddable":true,"href":"https:\/\/kervanmagazacilik.com\/index.php\/wp-json\/wp\/v2\/media\/17528"}],"wp:attachment":[{"href":"https:\/\/kervanmagazacilik.com\/index.php\/wp-json\/wp\/v2\/media?parent=17525"}],"wp:term":[{"taxonomy":"product_brand","embeddable":true,"href":"https:\/\/kervanmagazacilik.com\/index.php\/wp-json\/wp\/v2\/product_brand?post=17525"},{"taxonomy":"product_cat","embeddable":true,"href":"https:\/\/kervanmagazacilik.com\/index.php\/wp-json\/wp\/v2\/product_cat?post=17525"},{"taxonomy":"product_tag","embeddable":true,"href":"https:\/\/kervanmagazacilik.com\/index.php\/wp-json\/wp\/v2\/product_tag?post=17525"}],"curies":[{"name":"wp","href":"https:\/\/api.w.org\/{rel}","templated":true}]}}