{"id":17472,"date":"2024-11-30T20:01:13","date_gmt":"2024-11-30T17:01:13","guid":{"rendered":"https:\/\/kervanmagazacilik.com\/?post_type=product&#038;p=17472"},"modified":"2024-11-30T20:01:13","modified_gmt":"2024-11-30T17:01:13","slug":"759shm000026","status":"publish","type":"product","link":"https:\/\/kervanmagazacilik.com\/index.php\/urun\/759shm000026\/","title":{"rendered":"759SHM000026"},"content":{"rendered":"<p>759SHM000026<\/p>\n<p>B56121FR263-2 &amp; N2509FR263 KAIDELI ASLAN HEYKEL 44.5&#215;28.5x77cm<\/p>\n<p>D\u0131\u015f mekanda kullan\u0131lmaya uygundur.<\/p>\n","protected":false},"excerpt":{"rendered":"<p>759SHM000026 B56121FR263-2 &amp; N2509FR263 KAIDELI ASLAN HEYKEL 44.5&#215;28.5x77cm D\u0131\u015f mekanda kullan\u0131lmaya uygundur.<\/p>\n","protected":false},"featured_media":17473,"template":"","meta":[],"product_brand":[],"product_cat":[266],"product_tag":[3930],"class_list":{"0":"post-17472","1":"product","2":"type-product","3":"status-publish","4":"has-post-thumbnail","6":"product_cat-759shm","7":"product_tag-759shm000026","9":"first","10":"instock","11":"taxable","12":"shipping-taxable","13":"product-type-simple"},"_links":{"self":[{"href":"https:\/\/kervanmagazacilik.com\/index.php\/wp-json\/wp\/v2\/product\/17472","targetHints":{"allow":["GET"]}}],"collection":[{"href":"https:\/\/kervanmagazacilik.com\/index.php\/wp-json\/wp\/v2\/product"}],"about":[{"href":"https:\/\/kervanmagazacilik.com\/index.php\/wp-json\/wp\/v2\/types\/product"}],"wp:featuredmedia":[{"embeddable":true,"href":"https:\/\/kervanmagazacilik.com\/index.php\/wp-json\/wp\/v2\/media\/17473"}],"wp:attachment":[{"href":"https:\/\/kervanmagazacilik.com\/index.php\/wp-json\/wp\/v2\/media?parent=17472"}],"wp:term":[{"taxonomy":"product_brand","embeddable":true,"href":"https:\/\/kervanmagazacilik.com\/index.php\/wp-json\/wp\/v2\/product_brand?post=17472"},{"taxonomy":"product_cat","embeddable":true,"href":"https:\/\/kervanmagazacilik.com\/index.php\/wp-json\/wp\/v2\/product_cat?post=17472"},{"taxonomy":"product_tag","embeddable":true,"href":"https:\/\/kervanmagazacilik.com\/index.php\/wp-json\/wp\/v2\/product_tag?post=17472"}],"curies":[{"name":"wp","href":"https:\/\/api.w.org\/{rel}","templated":true}]}}