{"id":17469,"date":"2024-11-30T19:58:58","date_gmt":"2024-11-30T16:58:58","guid":{"rendered":"https:\/\/kervanmagazacilik.com\/?post_type=product&#038;p=17469"},"modified":"2024-11-30T19:58:59","modified_gmt":"2024-11-30T16:58:59","slug":"759shm000025","status":"publish","type":"product","link":"https:\/\/kervanmagazacilik.com\/index.php\/urun\/759shm000025\/","title":{"rendered":"759SHM000025"},"content":{"rendered":"<p>759SHM000025<\/p>\n<p>B56121FR263-1 &amp; N2509FR263 KAIDELI ASLAN HEYKEL 44.5&#215;28.5x77cm<\/p>\n<p>D\u0131\u015f mekanda kullan\u0131lmaya uygundur.<\/p>\n","protected":false},"excerpt":{"rendered":"<p>759SHM000025 B56121FR263-1 &amp; N2509FR263 KAIDELI ASLAN HEYKEL 44.5&#215;28.5x77cm D\u0131\u015f mekanda kullan\u0131lmaya uygundur.<\/p>\n","protected":false},"featured_media":17470,"template":"","meta":[],"product_brand":[],"product_cat":[266],"product_tag":[3929],"class_list":{"0":"post-17469","1":"product","2":"type-product","3":"status-publish","4":"has-post-thumbnail","6":"product_cat-759shm","7":"product_tag-759shm000025","9":"first","10":"instock","11":"taxable","12":"shipping-taxable","13":"product-type-simple"},"_links":{"self":[{"href":"https:\/\/kervanmagazacilik.com\/index.php\/wp-json\/wp\/v2\/product\/17469","targetHints":{"allow":["GET"]}}],"collection":[{"href":"https:\/\/kervanmagazacilik.com\/index.php\/wp-json\/wp\/v2\/product"}],"about":[{"href":"https:\/\/kervanmagazacilik.com\/index.php\/wp-json\/wp\/v2\/types\/product"}],"wp:featuredmedia":[{"embeddable":true,"href":"https:\/\/kervanmagazacilik.com\/index.php\/wp-json\/wp\/v2\/media\/17470"}],"wp:attachment":[{"href":"https:\/\/kervanmagazacilik.com\/index.php\/wp-json\/wp\/v2\/media?parent=17469"}],"wp:term":[{"taxonomy":"product_brand","embeddable":true,"href":"https:\/\/kervanmagazacilik.com\/index.php\/wp-json\/wp\/v2\/product_brand?post=17469"},{"taxonomy":"product_cat","embeddable":true,"href":"https:\/\/kervanmagazacilik.com\/index.php\/wp-json\/wp\/v2\/product_cat?post=17469"},{"taxonomy":"product_tag","embeddable":true,"href":"https:\/\/kervanmagazacilik.com\/index.php\/wp-json\/wp\/v2\/product_tag?post=17469"}],"curies":[{"name":"wp","href":"https:\/\/api.w.org\/{rel}","templated":true}]}}