{"id":17456,"date":"2024-11-30T19:41:43","date_gmt":"2024-11-30T16:41:43","guid":{"rendered":"https:\/\/kervanmagazacilik.com\/?post_type=product&#038;p=17456"},"modified":"2024-11-30T19:41:43","modified_gmt":"2024-11-30T16:41:43","slug":"759shm000020","status":"publish","type":"product","link":"https:\/\/kervanmagazacilik.com\/index.php\/urun\/759shm000020\/","title":{"rendered":"759SHM000020"},"content":{"rendered":"<p>759SHM000020<\/p>\n<p>R29620FR58 SAKSI 40.5x40x5x49.5cm<\/p>\n<p>D\u0131\u015f mekanda kullan\u0131lmaya uygundur.<\/p>\n","protected":false},"excerpt":{"rendered":"<p>759SHM000020 R29620FR58 SAKSI 40.5x40x5x49.5cm D\u0131\u015f mekanda kullan\u0131lmaya uygundur.<\/p>\n","protected":false},"featured_media":17457,"template":"","meta":[],"product_brand":[],"product_cat":[266],"product_tag":[3924],"class_list":{"0":"post-17456","1":"product","2":"type-product","3":"status-publish","4":"has-post-thumbnail","6":"product_cat-759shm","7":"product_tag-759shm000020","9":"first","10":"instock","11":"taxable","12":"shipping-taxable","13":"product-type-simple"},"_links":{"self":[{"href":"https:\/\/kervanmagazacilik.com\/index.php\/wp-json\/wp\/v2\/product\/17456","targetHints":{"allow":["GET"]}}],"collection":[{"href":"https:\/\/kervanmagazacilik.com\/index.php\/wp-json\/wp\/v2\/product"}],"about":[{"href":"https:\/\/kervanmagazacilik.com\/index.php\/wp-json\/wp\/v2\/types\/product"}],"wp:featuredmedia":[{"embeddable":true,"href":"https:\/\/kervanmagazacilik.com\/index.php\/wp-json\/wp\/v2\/media\/17457"}],"wp:attachment":[{"href":"https:\/\/kervanmagazacilik.com\/index.php\/wp-json\/wp\/v2\/media?parent=17456"}],"wp:term":[{"taxonomy":"product_brand","embeddable":true,"href":"https:\/\/kervanmagazacilik.com\/index.php\/wp-json\/wp\/v2\/product_brand?post=17456"},{"taxonomy":"product_cat","embeddable":true,"href":"https:\/\/kervanmagazacilik.com\/index.php\/wp-json\/wp\/v2\/product_cat?post=17456"},{"taxonomy":"product_tag","embeddable":true,"href":"https:\/\/kervanmagazacilik.com\/index.php\/wp-json\/wp\/v2\/product_tag?post=17456"}],"curies":[{"name":"wp","href":"https:\/\/api.w.org\/{rel}","templated":true}]}}