{"id":17408,"date":"2024-11-30T19:01:07","date_gmt":"2024-11-30T16:01:07","guid":{"rendered":"https:\/\/kervanmagazacilik.com\/?post_type=product&#038;p=17408"},"modified":"2024-11-30T19:01:07","modified_gmt":"2024-11-30T16:01:07","slug":"759shm000002","status":"publish","type":"product","link":"https:\/\/kervanmagazacilik.com\/index.php\/urun\/759shm000002\/","title":{"rendered":"759SHM000002"},"content":{"rendered":"<p>759SHM000002<\/p>\n<p>A212945FR58 KADIN HEYKEL 45x32x114cm<\/p>\n<p>D\u0131\u015f mekanda kullan\u0131lmaya uygundur.<\/p>\n","protected":false},"excerpt":{"rendered":"<p>759SHM000002 A212945FR58 KADIN HEYKEL 45x32x114cm D\u0131\u015f mekanda kullan\u0131lmaya uygundur.<\/p>\n","protected":false},"featured_media":17409,"template":"","meta":[],"product_brand":[],"product_cat":[266],"product_tag":[3906],"class_list":{"0":"post-17408","1":"product","2":"type-product","3":"status-publish","4":"has-post-thumbnail","6":"product_cat-759shm","7":"product_tag-759shm000002","9":"first","10":"instock","11":"taxable","12":"shipping-taxable","13":"product-type-simple"},"_links":{"self":[{"href":"https:\/\/kervanmagazacilik.com\/index.php\/wp-json\/wp\/v2\/product\/17408","targetHints":{"allow":["GET"]}}],"collection":[{"href":"https:\/\/kervanmagazacilik.com\/index.php\/wp-json\/wp\/v2\/product"}],"about":[{"href":"https:\/\/kervanmagazacilik.com\/index.php\/wp-json\/wp\/v2\/types\/product"}],"wp:featuredmedia":[{"embeddable":true,"href":"https:\/\/kervanmagazacilik.com\/index.php\/wp-json\/wp\/v2\/media\/17409"}],"wp:attachment":[{"href":"https:\/\/kervanmagazacilik.com\/index.php\/wp-json\/wp\/v2\/media?parent=17408"}],"wp:term":[{"taxonomy":"product_brand","embeddable":true,"href":"https:\/\/kervanmagazacilik.com\/index.php\/wp-json\/wp\/v2\/product_brand?post=17408"},{"taxonomy":"product_cat","embeddable":true,"href":"https:\/\/kervanmagazacilik.com\/index.php\/wp-json\/wp\/v2\/product_cat?post=17408"},{"taxonomy":"product_tag","embeddable":true,"href":"https:\/\/kervanmagazacilik.com\/index.php\/wp-json\/wp\/v2\/product_tag?post=17408"}],"curies":[{"name":"wp","href":"https:\/\/api.w.org\/{rel}","templated":true}]}}