{"id":17367,"date":"2024-11-30T17:57:19","date_gmt":"2024-11-30T14:57:19","guid":{"rendered":"https:\/\/kervanmagazacilik.com\/?post_type=product&#038;p=17367"},"modified":"2024-11-30T17:57:20","modified_gmt":"2024-11-30T14:57:20","slug":"759tny000008","status":"publish","type":"product","link":"https:\/\/kervanmagazacilik.com\/index.php\/urun\/759tny000008\/","title":{"rendered":"759TNY000008"},"content":{"rendered":"<p>759TNY000008<\/p>\n<p>BX23-2D BANYO SET\u0130 NATURAL<\/p>\n<p>HASIR+CAM<br \/>\nSIVI SABUNLUK+D\u0130\u015e FIR\u00c7ALIK+PAMUKLUK<\/p>\n<p>KURU BEZ \u0130LE TOZ ALINMALIDIR<\/p>\n","protected":false},"excerpt":{"rendered":"<p>759TNY000008 BX23-2D BANYO SET\u0130 NATURAL HASIR+CAM SIVI SABUNLUK+D\u0130\u015e FIR\u00c7ALIK+PAMUKLUK KURU BEZ \u0130LE TOZ ALINMALIDIR<\/p>\n","protected":false},"featured_media":17368,"template":"","meta":[],"product_brand":[],"product_cat":[271],"product_tag":[3892],"class_list":{"0":"post-17367","1":"product","2":"type-product","3":"status-publish","4":"has-post-thumbnail","6":"product_cat-759tny","7":"product_tag-759tny000008","9":"first","10":"instock","11":"taxable","12":"shipping-taxable","13":"product-type-simple"},"_links":{"self":[{"href":"https:\/\/kervanmagazacilik.com\/index.php\/wp-json\/wp\/v2\/product\/17367","targetHints":{"allow":["GET"]}}],"collection":[{"href":"https:\/\/kervanmagazacilik.com\/index.php\/wp-json\/wp\/v2\/product"}],"about":[{"href":"https:\/\/kervanmagazacilik.com\/index.php\/wp-json\/wp\/v2\/types\/product"}],"wp:featuredmedia":[{"embeddable":true,"href":"https:\/\/kervanmagazacilik.com\/index.php\/wp-json\/wp\/v2\/media\/17368"}],"wp:attachment":[{"href":"https:\/\/kervanmagazacilik.com\/index.php\/wp-json\/wp\/v2\/media?parent=17367"}],"wp:term":[{"taxonomy":"product_brand","embeddable":true,"href":"https:\/\/kervanmagazacilik.com\/index.php\/wp-json\/wp\/v2\/product_brand?post=17367"},{"taxonomy":"product_cat","embeddable":true,"href":"https:\/\/kervanmagazacilik.com\/index.php\/wp-json\/wp\/v2\/product_cat?post=17367"},{"taxonomy":"product_tag","embeddable":true,"href":"https:\/\/kervanmagazacilik.com\/index.php\/wp-json\/wp\/v2\/product_tag?post=17367"}],"curies":[{"name":"wp","href":"https:\/\/api.w.org\/{rel}","templated":true}]}}