{"id":17363,"date":"2024-11-30T17:55:02","date_gmt":"2024-11-30T14:55:02","guid":{"rendered":"https:\/\/kervanmagazacilik.com\/?post_type=product&#038;p=17363"},"modified":"2024-11-30T17:55:02","modified_gmt":"2024-11-30T14:55:02","slug":"759tny000007","status":"publish","type":"product","link":"https:\/\/kervanmagazacilik.com\/index.php\/urun\/759tny000007\/","title":{"rendered":"759TNY000007"},"content":{"rendered":"<p>759TNY000007<\/p>\n<p>BX23-1D BANYO SET\u0130 GRI<\/p>\n<p>MALZEME: HASIR+CAM<\/p>\n<p>\u0130\u00c7ER\u0130K: SIVI SABUNLUK+D\u0130\u015e FIR\u00c7ALIK+PAMUKLUK<\/p>\n<p>KURU BEZ \u0130LE TOZ ALINMALIDIR<\/p>\n","protected":false},"excerpt":{"rendered":"<p>759TNY000007 BX23-1D BANYO SET\u0130 GRI MALZEME: HASIR+CAM \u0130\u00c7ER\u0130K: SIVI SABUNLUK+D\u0130\u015e FIR\u00c7ALIK+PAMUKLUK KURU BEZ \u0130LE TOZ ALINMALIDIR<\/p>\n","protected":false},"featured_media":17364,"template":"","meta":[],"product_brand":[],"product_cat":[271],"product_tag":[3891],"class_list":{"0":"post-17363","1":"product","2":"type-product","3":"status-publish","4":"has-post-thumbnail","6":"product_cat-759tny","7":"product_tag-759tny000007","9":"first","10":"instock","11":"taxable","12":"shipping-taxable","13":"product-type-simple"},"_links":{"self":[{"href":"https:\/\/kervanmagazacilik.com\/index.php\/wp-json\/wp\/v2\/product\/17363","targetHints":{"allow":["GET"]}}],"collection":[{"href":"https:\/\/kervanmagazacilik.com\/index.php\/wp-json\/wp\/v2\/product"}],"about":[{"href":"https:\/\/kervanmagazacilik.com\/index.php\/wp-json\/wp\/v2\/types\/product"}],"wp:featuredmedia":[{"embeddable":true,"href":"https:\/\/kervanmagazacilik.com\/index.php\/wp-json\/wp\/v2\/media\/17364"}],"wp:attachment":[{"href":"https:\/\/kervanmagazacilik.com\/index.php\/wp-json\/wp\/v2\/media?parent=17363"}],"wp:term":[{"taxonomy":"product_brand","embeddable":true,"href":"https:\/\/kervanmagazacilik.com\/index.php\/wp-json\/wp\/v2\/product_brand?post=17363"},{"taxonomy":"product_cat","embeddable":true,"href":"https:\/\/kervanmagazacilik.com\/index.php\/wp-json\/wp\/v2\/product_cat?post=17363"},{"taxonomy":"product_tag","embeddable":true,"href":"https:\/\/kervanmagazacilik.com\/index.php\/wp-json\/wp\/v2\/product_tag?post=17363"}],"curies":[{"name":"wp","href":"https:\/\/api.w.org\/{rel}","templated":true}]}}