{"id":17350,"date":"2024-11-30T17:46:32","date_gmt":"2024-11-30T14:46:32","guid":{"rendered":"https:\/\/kervanmagazacilik.com\/?post_type=product&#038;p=17350"},"modified":"2024-11-30T17:46:32","modified_gmt":"2024-11-30T14:46:32","slug":"759tny000004","status":"publish","type":"product","link":"https:\/\/kervanmagazacilik.com\/index.php\/urun\/759tny000004\/","title":{"rendered":"759TNY000004"},"content":{"rendered":"<p>759TNY000004<\/p>\n<p>BX23-1C B\u00dcY\u00dcK OVAL SEPET 34x20x15cm<\/p>\n<p>MALZEME: HASIR<\/p>\n<p>KURU BEZ \u0130LE TOZ ALINMALIDIR<\/p>\n","protected":false},"excerpt":{"rendered":"<p>759TNY000004 BX23-1C B\u00dcY\u00dcK OVAL SEPET 34x20x15cm MALZEME: HASIR KURU BEZ \u0130LE TOZ ALINMALIDIR<\/p>\n","protected":false},"featured_media":17351,"template":"","meta":[],"product_brand":[],"product_cat":[271],"product_tag":[3888],"class_list":{"0":"post-17350","1":"product","2":"type-product","3":"status-publish","4":"has-post-thumbnail","6":"product_cat-759tny","7":"product_tag-759tny000004","9":"first","10":"instock","11":"taxable","12":"shipping-taxable","13":"product-type-simple"},"_links":{"self":[{"href":"https:\/\/kervanmagazacilik.com\/index.php\/wp-json\/wp\/v2\/product\/17350","targetHints":{"allow":["GET"]}}],"collection":[{"href":"https:\/\/kervanmagazacilik.com\/index.php\/wp-json\/wp\/v2\/product"}],"about":[{"href":"https:\/\/kervanmagazacilik.com\/index.php\/wp-json\/wp\/v2\/types\/product"}],"wp:featuredmedia":[{"embeddable":true,"href":"https:\/\/kervanmagazacilik.com\/index.php\/wp-json\/wp\/v2\/media\/17351"}],"wp:attachment":[{"href":"https:\/\/kervanmagazacilik.com\/index.php\/wp-json\/wp\/v2\/media?parent=17350"}],"wp:term":[{"taxonomy":"product_brand","embeddable":true,"href":"https:\/\/kervanmagazacilik.com\/index.php\/wp-json\/wp\/v2\/product_brand?post=17350"},{"taxonomy":"product_cat","embeddable":true,"href":"https:\/\/kervanmagazacilik.com\/index.php\/wp-json\/wp\/v2\/product_cat?post=17350"},{"taxonomy":"product_tag","embeddable":true,"href":"https:\/\/kervanmagazacilik.com\/index.php\/wp-json\/wp\/v2\/product_tag?post=17350"}],"curies":[{"name":"wp","href":"https:\/\/api.w.org\/{rel}","templated":true}]}}