{"id":17342,"date":"2024-11-30T17:42:09","date_gmt":"2024-11-30T14:42:09","guid":{"rendered":"https:\/\/kervanmagazacilik.com\/?post_type=product&#038;p=17342"},"modified":"2024-11-30T17:42:09","modified_gmt":"2024-11-30T14:42:09","slug":"759tny000002","status":"publish","type":"product","link":"https:\/\/kervanmagazacilik.com\/index.php\/urun\/759tny000002\/","title":{"rendered":"759TNY000002"},"content":{"rendered":"<p>759TNY000002<\/p>\n<p>BX23-1C B\u00dcY\u00dcK D\u0130KD\u00d6RTGEN SEPET 32&#215;22 H14cm<\/p>\n<p>MALZEME: HASIR<\/p>\n<p>KURU BEZ \u0130LE TOZ ALINMALIDIR<\/p>\n","protected":false},"excerpt":{"rendered":"<p>759TNY000002 BX23-1C B\u00dcY\u00dcK D\u0130KD\u00d6RTGEN SEPET 32&#215;22 H14cm MALZEME: HASIR KURU BEZ \u0130LE TOZ ALINMALIDIR<\/p>\n","protected":false},"featured_media":17343,"template":"","meta":[],"product_brand":[],"product_cat":[271],"product_tag":[3886],"class_list":{"0":"post-17342","1":"product","2":"type-product","3":"status-publish","4":"has-post-thumbnail","6":"product_cat-759tny","7":"product_tag-759tny000002","9":"first","10":"instock","11":"taxable","12":"shipping-taxable","13":"product-type-simple"},"_links":{"self":[{"href":"https:\/\/kervanmagazacilik.com\/index.php\/wp-json\/wp\/v2\/product\/17342","targetHints":{"allow":["GET"]}}],"collection":[{"href":"https:\/\/kervanmagazacilik.com\/index.php\/wp-json\/wp\/v2\/product"}],"about":[{"href":"https:\/\/kervanmagazacilik.com\/index.php\/wp-json\/wp\/v2\/types\/product"}],"wp:featuredmedia":[{"embeddable":true,"href":"https:\/\/kervanmagazacilik.com\/index.php\/wp-json\/wp\/v2\/media\/17343"}],"wp:attachment":[{"href":"https:\/\/kervanmagazacilik.com\/index.php\/wp-json\/wp\/v2\/media?parent=17342"}],"wp:term":[{"taxonomy":"product_brand","embeddable":true,"href":"https:\/\/kervanmagazacilik.com\/index.php\/wp-json\/wp\/v2\/product_brand?post=17342"},{"taxonomy":"product_cat","embeddable":true,"href":"https:\/\/kervanmagazacilik.com\/index.php\/wp-json\/wp\/v2\/product_cat?post=17342"},{"taxonomy":"product_tag","embeddable":true,"href":"https:\/\/kervanmagazacilik.com\/index.php\/wp-json\/wp\/v2\/product_tag?post=17342"}],"curies":[{"name":"wp","href":"https:\/\/api.w.org\/{rel}","templated":true}]}}