{"id":17303,"date":"2024-11-29T21:11:09","date_gmt":"2024-11-29T18:11:09","guid":{"rendered":"https:\/\/kervanmagazacilik.com\/?post_type=product&#038;p=17303"},"modified":"2024-11-29T21:11:09","modified_gmt":"2024-11-29T18:11:09","slug":"759vsb000008-2","status":"publish","type":"product","link":"https:\/\/kervanmagazacilik.com\/index.php\/urun\/759vsb000008-2\/","title":{"rendered":"759VSB000008"},"content":{"rendered":"<p>759VSB000008<\/p>\n<p>AH\u015eAP DEKORAT\u0130F KASE 25x25x15cm NEW 24 &#8211; 018<\/p>\n<p>\u0130\u00e7 ve D\u0131\u015f mekan i\u00e7in kullan\u0131ma uygundur. &amp; Indoor #F\u0131r\u00e7a veya hafif nemli bir bez yard\u0131m\u0131yla veya bas\u0131n\u00e7l\u0131 su yard\u0131m\u0131yla temizlenebilmektedir. # Zaman i\u00e7erisinde parlakl\u0131\u011f\u0131n\u0131 yitirmesi durumunda 800&#8217;l\u00fck z\u0131mpara ka\u011f\u0131d\u0131 ile z\u0131mparalan\u0131p Tik A\u011fac\u0131 ya\u011f\u0131 ile parlat\u0131labilmektedir.<\/p>\n","protected":false},"excerpt":{"rendered":"<p>759VSB000008 AH\u015eAP DEKORAT\u0130F KASE 25x25x15cm NEW 24 &#8211; 018 \u0130\u00e7 ve D\u0131\u015f mekan i\u00e7in kullan\u0131ma uygundur. &amp; Indoor #F\u0131r\u00e7a veya hafif nemli bir bez yard\u0131m\u0131yla veya bas\u0131n\u00e7l\u0131 su yard\u0131m\u0131yla temizlenebilmektedir. # Zaman i\u00e7erisinde parlakl\u0131\u011f\u0131n\u0131 yitirmesi durumunda 800&#8217;l\u00fck z\u0131mpara ka\u011f\u0131d\u0131 ile z\u0131mparalan\u0131p Tik A\u011fac\u0131 ya\u011f\u0131 ile parlat\u0131labilmektedir.<\/p>\n","protected":false},"featured_media":17304,"template":"","meta":[],"product_brand":[],"product_cat":[3881],"product_tag":[1362],"class_list":{"0":"post-17303","1":"product","2":"type-product","3":"status-publish","4":"has-post-thumbnail","6":"product_cat-759vsb","7":"product_tag-759vsb000008","9":"first","10":"instock","11":"taxable","12":"shipping-taxable","13":"product-type-simple"},"_links":{"self":[{"href":"https:\/\/kervanmagazacilik.com\/index.php\/wp-json\/wp\/v2\/product\/17303","targetHints":{"allow":["GET"]}}],"collection":[{"href":"https:\/\/kervanmagazacilik.com\/index.php\/wp-json\/wp\/v2\/product"}],"about":[{"href":"https:\/\/kervanmagazacilik.com\/index.php\/wp-json\/wp\/v2\/types\/product"}],"wp:featuredmedia":[{"embeddable":true,"href":"https:\/\/kervanmagazacilik.com\/index.php\/wp-json\/wp\/v2\/media\/17304"}],"wp:attachment":[{"href":"https:\/\/kervanmagazacilik.com\/index.php\/wp-json\/wp\/v2\/media?parent=17303"}],"wp:term":[{"taxonomy":"product_brand","embeddable":true,"href":"https:\/\/kervanmagazacilik.com\/index.php\/wp-json\/wp\/v2\/product_brand?post=17303"},{"taxonomy":"product_cat","embeddable":true,"href":"https:\/\/kervanmagazacilik.com\/index.php\/wp-json\/wp\/v2\/product_cat?post=17303"},{"taxonomy":"product_tag","embeddable":true,"href":"https:\/\/kervanmagazacilik.com\/index.php\/wp-json\/wp\/v2\/product_tag?post=17303"}],"curies":[{"name":"wp","href":"https:\/\/api.w.org\/{rel}","templated":true}]}}