{"id":17272,"date":"2024-11-29T20:34:40","date_gmt":"2024-11-29T17:34:40","guid":{"rendered":"https:\/\/kervanmagazacilik.com\/?post_type=product&#038;p=17272"},"modified":"2024-11-29T20:34:40","modified_gmt":"2024-11-29T17:34:40","slug":"759yar000006","status":"publish","type":"product","link":"https:\/\/kervanmagazacilik.com\/index.php\/urun\/759yar000006\/","title":{"rendered":"759YAR000006"},"content":{"rendered":"<p>759YAR000006<\/p>\n<p>41536 NAPA BARDAK PLATIN-FUME 6&#8217;LI<\/p>\n<p>Bula\u015f\u0131k makinas\u0131nda y\u0131kanabilir.<\/p>\n","protected":false},"excerpt":{"rendered":"<p>759YAR000006 41536 NAPA BARDAK PLATIN-FUME 6&#8217;LI Bula\u015f\u0131k makinas\u0131nda y\u0131kanabilir.<\/p>\n","protected":false},"featured_media":17273,"template":"","meta":[],"product_brand":[],"product_cat":[276],"product_tag":[3878],"class_list":{"0":"post-17272","1":"product","2":"type-product","3":"status-publish","4":"has-post-thumbnail","6":"product_cat-759yar","7":"product_tag-759yar000006","9":"first","10":"instock","11":"taxable","12":"shipping-taxable","13":"product-type-simple"},"_links":{"self":[{"href":"https:\/\/kervanmagazacilik.com\/index.php\/wp-json\/wp\/v2\/product\/17272","targetHints":{"allow":["GET"]}}],"collection":[{"href":"https:\/\/kervanmagazacilik.com\/index.php\/wp-json\/wp\/v2\/product"}],"about":[{"href":"https:\/\/kervanmagazacilik.com\/index.php\/wp-json\/wp\/v2\/types\/product"}],"wp:featuredmedia":[{"embeddable":true,"href":"https:\/\/kervanmagazacilik.com\/index.php\/wp-json\/wp\/v2\/media\/17273"}],"wp:attachment":[{"href":"https:\/\/kervanmagazacilik.com\/index.php\/wp-json\/wp\/v2\/media?parent=17272"}],"wp:term":[{"taxonomy":"product_brand","embeddable":true,"href":"https:\/\/kervanmagazacilik.com\/index.php\/wp-json\/wp\/v2\/product_brand?post=17272"},{"taxonomy":"product_cat","embeddable":true,"href":"https:\/\/kervanmagazacilik.com\/index.php\/wp-json\/wp\/v2\/product_cat?post=17272"},{"taxonomy":"product_tag","embeddable":true,"href":"https:\/\/kervanmagazacilik.com\/index.php\/wp-json\/wp\/v2\/product_tag?post=17272"}],"curies":[{"name":"wp","href":"https:\/\/api.w.org\/{rel}","templated":true}]}}