{"id":17269,"date":"2024-11-29T20:27:53","date_gmt":"2024-11-29T17:27:53","guid":{"rendered":"https:\/\/kervanmagazacilik.com\/?post_type=product&#038;p=17269"},"modified":"2024-11-29T20:27:54","modified_gmt":"2024-11-29T17:27:54","slug":"759yar000003","status":"publish","type":"product","link":"https:\/\/kervanmagazacilik.com\/index.php\/urun\/759yar000003\/","title":{"rendered":"759YAR000003"},"content":{"rendered":"<p>759YAR000003<\/p>\n<p>440329 NAPA KADEH PLATIN-FUME 6&#8217;LI<\/p>\n<p>Bula\u015f\u0131k makinas\u0131nda y\u0131kanabilir.<\/p>\n<p>&nbsp;<\/p>\n","protected":false},"excerpt":{"rendered":"<p>759YAR000003 440329 NAPA KADEH PLATIN-FUME 6&#8217;LI Bula\u015f\u0131k makinas\u0131nda y\u0131kanabilir. &nbsp;<\/p>\n","protected":false},"featured_media":17270,"template":"","meta":[],"product_brand":[],"product_cat":[276],"product_tag":[3877],"class_list":{"0":"post-17269","1":"product","2":"type-product","3":"status-publish","4":"has-post-thumbnail","6":"product_cat-759yar","7":"product_tag-759yar000003","9":"first","10":"instock","11":"taxable","12":"shipping-taxable","13":"product-type-simple"},"_links":{"self":[{"href":"https:\/\/kervanmagazacilik.com\/index.php\/wp-json\/wp\/v2\/product\/17269","targetHints":{"allow":["GET"]}}],"collection":[{"href":"https:\/\/kervanmagazacilik.com\/index.php\/wp-json\/wp\/v2\/product"}],"about":[{"href":"https:\/\/kervanmagazacilik.com\/index.php\/wp-json\/wp\/v2\/types\/product"}],"wp:featuredmedia":[{"embeddable":true,"href":"https:\/\/kervanmagazacilik.com\/index.php\/wp-json\/wp\/v2\/media\/17270"}],"wp:attachment":[{"href":"https:\/\/kervanmagazacilik.com\/index.php\/wp-json\/wp\/v2\/media?parent=17269"}],"wp:term":[{"taxonomy":"product_brand","embeddable":true,"href":"https:\/\/kervanmagazacilik.com\/index.php\/wp-json\/wp\/v2\/product_brand?post=17269"},{"taxonomy":"product_cat","embeddable":true,"href":"https:\/\/kervanmagazacilik.com\/index.php\/wp-json\/wp\/v2\/product_cat?post=17269"},{"taxonomy":"product_tag","embeddable":true,"href":"https:\/\/kervanmagazacilik.com\/index.php\/wp-json\/wp\/v2\/product_tag?post=17269"}],"curies":[{"name":"wp","href":"https:\/\/api.w.org\/{rel}","templated":true}]}}