{"id":17262,"date":"2024-11-29T20:22:25","date_gmt":"2024-11-29T17:22:25","guid":{"rendered":"https:\/\/kervanmagazacilik.com\/?post_type=product&#038;p=17262"},"modified":"2024-11-29T20:22:25","modified_gmt":"2024-11-29T17:22:25","slug":"759yar000001","status":"publish","type":"product","link":"https:\/\/kervanmagazacilik.com\/index.php\/urun\/759yar000001\/","title":{"rendered":"759YAR000001"},"content":{"rendered":"<p>759YAR000001<\/p>\n<p>440329 NAPA KADEH GOLD-AMBER 6&#8217;LI<\/p>\n<p>Bula\u015f\u0131k makinas\u0131nda y\u0131kanabilir.<\/p>\n","protected":false},"excerpt":{"rendered":"<p>759YAR000001 440329 NAPA KADEH GOLD-AMBER 6&#8217;LI Bula\u015f\u0131k makinas\u0131nda y\u0131kanabilir.<\/p>\n","protected":false},"featured_media":17263,"template":"","meta":[],"product_brand":[],"product_cat":[276],"product_tag":[3875],"class_list":{"0":"post-17262","1":"product","2":"type-product","3":"status-publish","4":"has-post-thumbnail","6":"product_cat-759yar","7":"product_tag-759yar000001","9":"first","10":"instock","11":"taxable","12":"shipping-taxable","13":"product-type-simple"},"_links":{"self":[{"href":"https:\/\/kervanmagazacilik.com\/index.php\/wp-json\/wp\/v2\/product\/17262","targetHints":{"allow":["GET"]}}],"collection":[{"href":"https:\/\/kervanmagazacilik.com\/index.php\/wp-json\/wp\/v2\/product"}],"about":[{"href":"https:\/\/kervanmagazacilik.com\/index.php\/wp-json\/wp\/v2\/types\/product"}],"wp:featuredmedia":[{"embeddable":true,"href":"https:\/\/kervanmagazacilik.com\/index.php\/wp-json\/wp\/v2\/media\/17263"}],"wp:attachment":[{"href":"https:\/\/kervanmagazacilik.com\/index.php\/wp-json\/wp\/v2\/media?parent=17262"}],"wp:term":[{"taxonomy":"product_brand","embeddable":true,"href":"https:\/\/kervanmagazacilik.com\/index.php\/wp-json\/wp\/v2\/product_brand?post=17262"},{"taxonomy":"product_cat","embeddable":true,"href":"https:\/\/kervanmagazacilik.com\/index.php\/wp-json\/wp\/v2\/product_cat?post=17262"},{"taxonomy":"product_tag","embeddable":true,"href":"https:\/\/kervanmagazacilik.com\/index.php\/wp-json\/wp\/v2\/product_tag?post=17262"}],"curies":[{"name":"wp","href":"https:\/\/api.w.org\/{rel}","templated":true}]}}