{"id":17247,"date":"2024-11-29T11:26:01","date_gmt":"2024-11-29T08:26:01","guid":{"rendered":"https:\/\/kervanmagazacilik.com\/?post_type=product&#038;p=17247"},"modified":"2024-11-29T11:26:01","modified_gmt":"2024-11-29T08:26:01","slug":"759yaz000036","status":"publish","type":"product","link":"https:\/\/kervanmagazacilik.com\/index.php\/urun\/759yaz000036\/","title":{"rendered":"759YAZ000036"},"content":{"rendered":"<p>759YAZ000036<\/p>\n<p>YZ03589BL-3 VAZO 38x8x16cm<\/p>\n<p>Kuru bez ile toz al\u0131nmal\u0131d\u0131r.<\/p>\n","protected":false},"excerpt":{"rendered":"<p>759YAZ000036 YZ03589BL-3 VAZO 38x8x16cm Kuru bez ile toz al\u0131nmal\u0131d\u0131r.<\/p>\n","protected":false},"featured_media":17248,"template":"","meta":[],"product_brand":[],"product_cat":[277],"product_tag":[3871],"class_list":{"0":"post-17247","1":"product","2":"type-product","3":"status-publish","4":"has-post-thumbnail","6":"product_cat-759yaz","7":"product_tag-759yaz000036","9":"first","10":"instock","11":"taxable","12":"shipping-taxable","13":"product-type-simple"},"_links":{"self":[{"href":"https:\/\/kervanmagazacilik.com\/index.php\/wp-json\/wp\/v2\/product\/17247","targetHints":{"allow":["GET"]}}],"collection":[{"href":"https:\/\/kervanmagazacilik.com\/index.php\/wp-json\/wp\/v2\/product"}],"about":[{"href":"https:\/\/kervanmagazacilik.com\/index.php\/wp-json\/wp\/v2\/types\/product"}],"wp:featuredmedia":[{"embeddable":true,"href":"https:\/\/kervanmagazacilik.com\/index.php\/wp-json\/wp\/v2\/media\/17248"}],"wp:attachment":[{"href":"https:\/\/kervanmagazacilik.com\/index.php\/wp-json\/wp\/v2\/media?parent=17247"}],"wp:term":[{"taxonomy":"product_brand","embeddable":true,"href":"https:\/\/kervanmagazacilik.com\/index.php\/wp-json\/wp\/v2\/product_brand?post=17247"},{"taxonomy":"product_cat","embeddable":true,"href":"https:\/\/kervanmagazacilik.com\/index.php\/wp-json\/wp\/v2\/product_cat?post=17247"},{"taxonomy":"product_tag","embeddable":true,"href":"https:\/\/kervanmagazacilik.com\/index.php\/wp-json\/wp\/v2\/product_tag?post=17247"}],"curies":[{"name":"wp","href":"https:\/\/api.w.org\/{rel}","templated":true}]}}