{"id":17193,"date":"2024-11-29T10:32:42","date_gmt":"2024-11-29T07:32:42","guid":{"rendered":"https:\/\/kervanmagazacilik.com\/?post_type=product&#038;p=17193"},"modified":"2024-11-29T10:32:42","modified_gmt":"2024-11-29T07:32:42","slug":"759yaz000018","status":"publish","type":"product","link":"https:\/\/kervanmagazacilik.com\/index.php\/urun\/759yaz000018\/","title":{"rendered":"759YAZ000018"},"content":{"rendered":"<p>759YAZ000018<\/p>\n<p>YZ04375BL-3 VAZO 27x9x23cm<\/p>\n<p>Kuru bez ile toz al\u0131nmal\u0131d\u0131r.<\/p>\n","protected":false},"excerpt":{"rendered":"<p>759YAZ000018 YZ04375BL-3 VAZO 27x9x23cm Kuru bez ile toz al\u0131nmal\u0131d\u0131r.<\/p>\n","protected":false},"featured_media":17194,"template":"","meta":[],"product_brand":[],"product_cat":[277],"product_tag":[3853],"class_list":{"0":"post-17193","1":"product","2":"type-product","3":"status-publish","4":"has-post-thumbnail","6":"product_cat-759yaz","7":"product_tag-759yaz000018","9":"first","10":"instock","11":"taxable","12":"shipping-taxable","13":"product-type-simple"},"_links":{"self":[{"href":"https:\/\/kervanmagazacilik.com\/index.php\/wp-json\/wp\/v2\/product\/17193","targetHints":{"allow":["GET"]}}],"collection":[{"href":"https:\/\/kervanmagazacilik.com\/index.php\/wp-json\/wp\/v2\/product"}],"about":[{"href":"https:\/\/kervanmagazacilik.com\/index.php\/wp-json\/wp\/v2\/types\/product"}],"wp:featuredmedia":[{"embeddable":true,"href":"https:\/\/kervanmagazacilik.com\/index.php\/wp-json\/wp\/v2\/media\/17194"}],"wp:attachment":[{"href":"https:\/\/kervanmagazacilik.com\/index.php\/wp-json\/wp\/v2\/media?parent=17193"}],"wp:term":[{"taxonomy":"product_brand","embeddable":true,"href":"https:\/\/kervanmagazacilik.com\/index.php\/wp-json\/wp\/v2\/product_brand?post=17193"},{"taxonomy":"product_cat","embeddable":true,"href":"https:\/\/kervanmagazacilik.com\/index.php\/wp-json\/wp\/v2\/product_cat?post=17193"},{"taxonomy":"product_tag","embeddable":true,"href":"https:\/\/kervanmagazacilik.com\/index.php\/wp-json\/wp\/v2\/product_tag?post=17193"}],"curies":[{"name":"wp","href":"https:\/\/api.w.org\/{rel}","templated":true}]}}