{"id":17126,"date":"2024-11-28T14:49:27","date_gmt":"2024-11-28T11:49:27","guid":{"rendered":"https:\/\/kervanmagazacilik.com\/?post_type=product&#038;p=17126"},"modified":"2024-11-28T14:49:28","modified_gmt":"2024-11-28T11:49:28","slug":"759ygt000055-2","status":"publish","type":"product","link":"https:\/\/kervanmagazacilik.com\/index.php\/urun\/759ygt000055-2\/","title":{"rendered":"759YGT000055"},"content":{"rendered":"<p>759YGT000055<\/p>\n<p>5118 B\u00dcY\u00dcK TAVUS KU\u015eU DEKORAT\u0130F AKSESUAR AMBER 15&#215;11.5 cm<\/p>\n<p>Cam<br \/>\nKuru bez ile toz al\u0131nmal\u0131d\u0131r.<\/p>\n","protected":false},"excerpt":{"rendered":"<p>759YGT000055 5118 B\u00dcY\u00dcK TAVUS KU\u015eU DEKORAT\u0130F AKSESUAR AMBER 15&#215;11.5 cm Cam Kuru bez ile toz al\u0131nmal\u0131d\u0131r.<\/p>\n","protected":false},"featured_media":17127,"template":"","meta":[],"product_brand":[],"product_cat":[278],"product_tag":[2071],"class_list":{"0":"post-17126","1":"product","2":"type-product","3":"status-publish","4":"has-post-thumbnail","6":"product_cat-759ygt","7":"product_tag-759ygt000055","9":"first","10":"instock","11":"taxable","12":"shipping-taxable","13":"product-type-simple"},"_links":{"self":[{"href":"https:\/\/kervanmagazacilik.com\/index.php\/wp-json\/wp\/v2\/product\/17126","targetHints":{"allow":["GET"]}}],"collection":[{"href":"https:\/\/kervanmagazacilik.com\/index.php\/wp-json\/wp\/v2\/product"}],"about":[{"href":"https:\/\/kervanmagazacilik.com\/index.php\/wp-json\/wp\/v2\/types\/product"}],"wp:featuredmedia":[{"embeddable":true,"href":"https:\/\/kervanmagazacilik.com\/index.php\/wp-json\/wp\/v2\/media\/17127"}],"wp:attachment":[{"href":"https:\/\/kervanmagazacilik.com\/index.php\/wp-json\/wp\/v2\/media?parent=17126"}],"wp:term":[{"taxonomy":"product_brand","embeddable":true,"href":"https:\/\/kervanmagazacilik.com\/index.php\/wp-json\/wp\/v2\/product_brand?post=17126"},{"taxonomy":"product_cat","embeddable":true,"href":"https:\/\/kervanmagazacilik.com\/index.php\/wp-json\/wp\/v2\/product_cat?post=17126"},{"taxonomy":"product_tag","embeddable":true,"href":"https:\/\/kervanmagazacilik.com\/index.php\/wp-json\/wp\/v2\/product_tag?post=17126"}],"curies":[{"name":"wp","href":"https:\/\/api.w.org\/{rel}","templated":true}]}}