{"id":17103,"date":"2024-11-28T14:28:22","date_gmt":"2024-11-28T11:28:22","guid":{"rendered":"https:\/\/kervanmagazacilik.com\/?post_type=product&#038;p=17103"},"modified":"2024-11-28T14:28:23","modified_gmt":"2024-11-28T11:28:23","slug":"759ygt000049-2","status":"publish","type":"product","link":"https:\/\/kervanmagazacilik.com\/index.php\/urun\/759ygt000049-2\/","title":{"rendered":"759YGT000049"},"content":{"rendered":"<p>759YGT000049<\/p>\n<p>P437 K\u00dc\u00c7\u00dcK MERCANLI DEKORAT\u0130F AKSESUAR YE\u015e\u0130L 13&#215;14 cm<\/p>\n<p>Mercan-Cam<br \/>\nKuru bez ile toz al\u0131nmal\u0131d\u0131r.<br \/>\nGer\u00e7ek mercand\u0131r.<\/p>\n","protected":false},"excerpt":{"rendered":"<p>759YGT000049 P437 K\u00dc\u00c7\u00dcK MERCANLI DEKORAT\u0130F AKSESUAR YE\u015e\u0130L 13&#215;14 cm Mercan-Cam Kuru bez ile toz al\u0131nmal\u0131d\u0131r. Ger\u00e7ek mercand\u0131r.<\/p>\n","protected":false},"featured_media":17104,"template":"","meta":[],"product_brand":[],"product_cat":[278],"product_tag":[2065],"class_list":{"0":"post-17103","1":"product","2":"type-product","3":"status-publish","4":"has-post-thumbnail","6":"product_cat-759ygt","7":"product_tag-759ygt000049","9":"first","10":"instock","11":"taxable","12":"shipping-taxable","13":"product-type-simple"},"_links":{"self":[{"href":"https:\/\/kervanmagazacilik.com\/index.php\/wp-json\/wp\/v2\/product\/17103","targetHints":{"allow":["GET"]}}],"collection":[{"href":"https:\/\/kervanmagazacilik.com\/index.php\/wp-json\/wp\/v2\/product"}],"about":[{"href":"https:\/\/kervanmagazacilik.com\/index.php\/wp-json\/wp\/v2\/types\/product"}],"wp:featuredmedia":[{"embeddable":true,"href":"https:\/\/kervanmagazacilik.com\/index.php\/wp-json\/wp\/v2\/media\/17104"}],"wp:attachment":[{"href":"https:\/\/kervanmagazacilik.com\/index.php\/wp-json\/wp\/v2\/media?parent=17103"}],"wp:term":[{"taxonomy":"product_brand","embeddable":true,"href":"https:\/\/kervanmagazacilik.com\/index.php\/wp-json\/wp\/v2\/product_brand?post=17103"},{"taxonomy":"product_cat","embeddable":true,"href":"https:\/\/kervanmagazacilik.com\/index.php\/wp-json\/wp\/v2\/product_cat?post=17103"},{"taxonomy":"product_tag","embeddable":true,"href":"https:\/\/kervanmagazacilik.com\/index.php\/wp-json\/wp\/v2\/product_tag?post=17103"}],"curies":[{"name":"wp","href":"https:\/\/api.w.org\/{rel}","templated":true}]}}