{"id":17076,"date":"2024-11-28T14:06:45","date_gmt":"2024-11-28T11:06:45","guid":{"rendered":"https:\/\/kervanmagazacilik.com\/?post_type=product&#038;p=17076"},"modified":"2024-11-28T14:06:45","modified_gmt":"2024-11-28T11:06:45","slug":"900arj000261","status":"publish","type":"product","link":"https:\/\/kervanmagazacilik.com\/index.php\/urun\/900arj000261\/","title":{"rendered":"900ARJ000261"},"content":{"rendered":"<p>900ARJ000261<\/p>\n<p>SELV\u0130 YILBA\u015eI A\u011eA\u00c7I 50&#215;170 cm<\/p>\n<div>MALZEME: Plastik + Polyester<\/div>\n<div>\u00d6l\u00e7\u00fcler +\/- 5 cm de\u011fi\u015fkenlik g\u00f6sterebilir<\/div>\n<div>Hafif nemli bezle silinebilir<\/div>\n<div><\/div>\n<div>ALT GRUP: EV DEKOR-YAPAY A\u011eA\u00c7<\/div>\n","protected":false},"excerpt":{"rendered":"<p>900ARJ000261 SELV\u0130 YILBA\u015eI A\u011eA\u00c7I 50&#215;170 cm MALZEME: Plastik + Polyester \u00d6l\u00e7\u00fcler +\/- 5 cm de\u011fi\u015fkenlik g\u00f6sterebilir Hafif nemli bezle silinebilir ALT GRUP: EV DEKOR-YAPAY A\u011eA\u00c7<\/p>\n","protected":false},"featured_media":17077,"template":"","meta":[],"product_brand":[],"product_cat":[280],"product_tag":[3837],"class_list":{"0":"post-17076","1":"product","2":"type-product","3":"status-publish","4":"has-post-thumbnail","6":"product_cat-900arj","7":"product_tag-900arj000261","9":"first","10":"instock","11":"taxable","12":"shipping-taxable","13":"product-type-simple"},"_links":{"self":[{"href":"https:\/\/kervanmagazacilik.com\/index.php\/wp-json\/wp\/v2\/product\/17076","targetHints":{"allow":["GET"]}}],"collection":[{"href":"https:\/\/kervanmagazacilik.com\/index.php\/wp-json\/wp\/v2\/product"}],"about":[{"href":"https:\/\/kervanmagazacilik.com\/index.php\/wp-json\/wp\/v2\/types\/product"}],"wp:featuredmedia":[{"embeddable":true,"href":"https:\/\/kervanmagazacilik.com\/index.php\/wp-json\/wp\/v2\/media\/17077"}],"wp:attachment":[{"href":"https:\/\/kervanmagazacilik.com\/index.php\/wp-json\/wp\/v2\/media?parent=17076"}],"wp:term":[{"taxonomy":"product_brand","embeddable":true,"href":"https:\/\/kervanmagazacilik.com\/index.php\/wp-json\/wp\/v2\/product_brand?post=17076"},{"taxonomy":"product_cat","embeddable":true,"href":"https:\/\/kervanmagazacilik.com\/index.php\/wp-json\/wp\/v2\/product_cat?post=17076"},{"taxonomy":"product_tag","embeddable":true,"href":"https:\/\/kervanmagazacilik.com\/index.php\/wp-json\/wp\/v2\/product_tag?post=17076"}],"curies":[{"name":"wp","href":"https:\/\/api.w.org\/{rel}","templated":true}]}}