{"id":17074,"date":"2024-11-28T14:06:05","date_gmt":"2024-11-28T11:06:05","guid":{"rendered":"https:\/\/kervanmagazacilik.com\/?post_type=product&#038;p=17074"},"modified":"2024-11-28T14:06:05","modified_gmt":"2024-11-28T11:06:05","slug":"759ygt000042-2","status":"publish","type":"product","link":"https:\/\/kervanmagazacilik.com\/index.php\/urun\/759ygt000042-2\/","title":{"rendered":"759YGT000042"},"content":{"rendered":"<p>759YGT000042<\/p>\n<p>P-108 DEKORAT\u0130F AKSESUAR F\u00dcME K\u00dc\u00c7\u00dcK 8&#215;13 cm<\/p>\n<p>Kuru bez ile toz al\u0131nmal\u0131d\u0131r.<\/p>\n","protected":false},"excerpt":{"rendered":"<p>759YGT000042 P-108 DEKORAT\u0130F AKSESUAR F\u00dcME K\u00dc\u00c7\u00dcK 8&#215;13 cm Kuru bez ile toz al\u0131nmal\u0131d\u0131r.<\/p>\n","protected":false},"featured_media":17079,"template":"","meta":[],"product_brand":[],"product_cat":[278],"product_tag":[2058],"class_list":{"0":"post-17074","1":"product","2":"type-product","3":"status-publish","4":"has-post-thumbnail","6":"product_cat-759ygt","7":"product_tag-759ygt000042","9":"first","10":"instock","11":"taxable","12":"shipping-taxable","13":"product-type-simple"},"_links":{"self":[{"href":"https:\/\/kervanmagazacilik.com\/index.php\/wp-json\/wp\/v2\/product\/17074","targetHints":{"allow":["GET"]}}],"collection":[{"href":"https:\/\/kervanmagazacilik.com\/index.php\/wp-json\/wp\/v2\/product"}],"about":[{"href":"https:\/\/kervanmagazacilik.com\/index.php\/wp-json\/wp\/v2\/types\/product"}],"wp:featuredmedia":[{"embeddable":true,"href":"https:\/\/kervanmagazacilik.com\/index.php\/wp-json\/wp\/v2\/media\/17079"}],"wp:attachment":[{"href":"https:\/\/kervanmagazacilik.com\/index.php\/wp-json\/wp\/v2\/media?parent=17074"}],"wp:term":[{"taxonomy":"product_brand","embeddable":true,"href":"https:\/\/kervanmagazacilik.com\/index.php\/wp-json\/wp\/v2\/product_brand?post=17074"},{"taxonomy":"product_cat","embeddable":true,"href":"https:\/\/kervanmagazacilik.com\/index.php\/wp-json\/wp\/v2\/product_cat?post=17074"},{"taxonomy":"product_tag","embeddable":true,"href":"https:\/\/kervanmagazacilik.com\/index.php\/wp-json\/wp\/v2\/product_tag?post=17074"}],"curies":[{"name":"wp","href":"https:\/\/api.w.org\/{rel}","templated":true}]}}