{"id":17008,"date":"2024-11-28T10:05:06","date_gmt":"2024-11-28T07:05:06","guid":{"rendered":"https:\/\/kervanmagazacilik.com\/?post_type=product&#038;p=17008"},"modified":"2024-11-28T10:05:07","modified_gmt":"2024-11-28T07:05:07","slug":"759ygt000010-2","status":"publish","type":"product","link":"https:\/\/kervanmagazacilik.com\/index.php\/urun\/759ygt000010-2\/","title":{"rendered":"759YGT000010"},"content":{"rendered":"<p>759YGT000010<\/p>\n<p>P-36 DEKORATIF AKSESUAR 11.5&#215;11.5x24cm KROM<\/p>\n<p>Kuru bez ile toz al\u0131nmal\u0131d\u0131r.<\/p>\n","protected":false},"excerpt":{"rendered":"<p>759YGT000010 P-36 DEKORATIF AKSESUAR 11.5&#215;11.5x24cm KROM Kuru bez ile toz al\u0131nmal\u0131d\u0131r.<\/p>\n","protected":false},"featured_media":17009,"template":"","meta":[],"product_brand":[],"product_cat":[190],"product_tag":[1958],"class_list":{"0":"post-17008","1":"product","2":"type-product","3":"status-publish","4":"has-post-thumbnail","6":"product_cat-720ygt","7":"product_tag-759ygt000010","9":"first","10":"instock","11":"taxable","12":"shipping-taxable","13":"product-type-simple"},"_links":{"self":[{"href":"https:\/\/kervanmagazacilik.com\/index.php\/wp-json\/wp\/v2\/product\/17008","targetHints":{"allow":["GET"]}}],"collection":[{"href":"https:\/\/kervanmagazacilik.com\/index.php\/wp-json\/wp\/v2\/product"}],"about":[{"href":"https:\/\/kervanmagazacilik.com\/index.php\/wp-json\/wp\/v2\/types\/product"}],"wp:featuredmedia":[{"embeddable":true,"href":"https:\/\/kervanmagazacilik.com\/index.php\/wp-json\/wp\/v2\/media\/17009"}],"wp:attachment":[{"href":"https:\/\/kervanmagazacilik.com\/index.php\/wp-json\/wp\/v2\/media?parent=17008"}],"wp:term":[{"taxonomy":"product_brand","embeddable":true,"href":"https:\/\/kervanmagazacilik.com\/index.php\/wp-json\/wp\/v2\/product_brand?post=17008"},{"taxonomy":"product_cat","embeddable":true,"href":"https:\/\/kervanmagazacilik.com\/index.php\/wp-json\/wp\/v2\/product_cat?post=17008"},{"taxonomy":"product_tag","embeddable":true,"href":"https:\/\/kervanmagazacilik.com\/index.php\/wp-json\/wp\/v2\/product_tag?post=17008"}],"curies":[{"name":"wp","href":"https:\/\/api.w.org\/{rel}","templated":true}]}}