{"id":17002,"date":"2024-11-28T09:57:02","date_gmt":"2024-11-28T06:57:02","guid":{"rendered":"https:\/\/kervanmagazacilik.com\/?post_type=product&#038;p=17002"},"modified":"2024-11-28T09:57:03","modified_gmt":"2024-11-28T06:57:03","slug":"900arj000257","status":"publish","type":"product","link":"https:\/\/kervanmagazacilik.com\/index.php\/urun\/900arj000257\/","title":{"rendered":"900ARJ000257"},"content":{"rendered":"<p>900ARJ000257<\/p>\n<p>LAM\u0130NOS ARANJMAN 35x65cm<\/p>\n<p>MALZEME: Plastik+Metal<\/p>\n<p>Saks\u0131 \u00f6l\u00e7\u00fcs\u00fc: 22x17x21.5cm<\/p>\n<p>\u00d6l\u00e7\u00fcler +\/- 5 cm de\u011fi\u015fkenlik g\u00f6sterebilir<\/p>\n<p>Hafif nemli bezle silinebilir<\/p>\n","protected":false},"excerpt":{"rendered":"<p>900ARJ000257 LAM\u0130NOS ARANJMAN 35x65cm MALZEME: Plastik+Metal Saks\u0131 \u00f6l\u00e7\u00fcs\u00fc: 22x17x21.5cm \u00d6l\u00e7\u00fcler +\/- 5 cm de\u011fi\u015fkenlik g\u00f6sterebilir Hafif nemli bezle silinebilir<\/p>\n","protected":false},"featured_media":17003,"template":"","meta":[],"product_brand":[],"product_cat":[280],"product_tag":[3834],"class_list":{"0":"post-17002","1":"product","2":"type-product","3":"status-publish","4":"has-post-thumbnail","6":"product_cat-900arj","7":"product_tag-900arj000257","9":"first","10":"instock","11":"taxable","12":"shipping-taxable","13":"product-type-simple"},"_links":{"self":[{"href":"https:\/\/kervanmagazacilik.com\/index.php\/wp-json\/wp\/v2\/product\/17002","targetHints":{"allow":["GET"]}}],"collection":[{"href":"https:\/\/kervanmagazacilik.com\/index.php\/wp-json\/wp\/v2\/product"}],"about":[{"href":"https:\/\/kervanmagazacilik.com\/index.php\/wp-json\/wp\/v2\/types\/product"}],"wp:featuredmedia":[{"embeddable":true,"href":"https:\/\/kervanmagazacilik.com\/index.php\/wp-json\/wp\/v2\/media\/17003"}],"wp:attachment":[{"href":"https:\/\/kervanmagazacilik.com\/index.php\/wp-json\/wp\/v2\/media?parent=17002"}],"wp:term":[{"taxonomy":"product_brand","embeddable":true,"href":"https:\/\/kervanmagazacilik.com\/index.php\/wp-json\/wp\/v2\/product_brand?post=17002"},{"taxonomy":"product_cat","embeddable":true,"href":"https:\/\/kervanmagazacilik.com\/index.php\/wp-json\/wp\/v2\/product_cat?post=17002"},{"taxonomy":"product_tag","embeddable":true,"href":"https:\/\/kervanmagazacilik.com\/index.php\/wp-json\/wp\/v2\/product_tag?post=17002"}],"curies":[{"name":"wp","href":"https:\/\/api.w.org\/{rel}","templated":true}]}}