{"id":16988,"date":"2024-11-27T18:19:00","date_gmt":"2024-11-27T15:19:00","guid":{"rendered":"https:\/\/kervanmagazacilik.com\/?post_type=product&#038;p=16988"},"modified":"2024-11-27T18:19:00","modified_gmt":"2024-11-27T15:19:00","slug":"900arj000252","status":"publish","type":"product","link":"https:\/\/kervanmagazacilik.com\/index.php\/urun\/900arj000252\/","title":{"rendered":"900ARJ000252"},"content":{"rendered":"<p>900ARJ000252<\/p>\n<p>MARSILYA ARANJMAN SOMON-GOLD 35x45cm<\/p>\n<p>Metal+Polyester<\/p>\n<p>VAZO:Metal \u00f6l\u00e7\u00fcs\u00fc: 28.5&#215;22.5x19cm<\/p>\n<p>\u00d6l\u00e7\u00fcler +\/- 5 cm de\u011fi\u015fkenlik g\u00f6sterebilir<\/p>\n","protected":false},"excerpt":{"rendered":"<p>900ARJ000252 MARSILYA ARANJMAN SOMON-GOLD 35x45cm Metal+Polyester VAZO:Metal \u00f6l\u00e7\u00fcs\u00fc: 28.5&#215;22.5x19cm \u00d6l\u00e7\u00fcler +\/- 5 cm de\u011fi\u015fkenlik g\u00f6sterebilir<\/p>\n","protected":false},"featured_media":16989,"template":"","meta":[],"product_brand":[],"product_cat":[280],"product_tag":[3832],"class_list":{"0":"post-16988","1":"product","2":"type-product","3":"status-publish","4":"has-post-thumbnail","6":"product_cat-900arj","7":"product_tag-900arj000252","9":"first","10":"instock","11":"taxable","12":"shipping-taxable","13":"product-type-simple"},"_links":{"self":[{"href":"https:\/\/kervanmagazacilik.com\/index.php\/wp-json\/wp\/v2\/product\/16988","targetHints":{"allow":["GET"]}}],"collection":[{"href":"https:\/\/kervanmagazacilik.com\/index.php\/wp-json\/wp\/v2\/product"}],"about":[{"href":"https:\/\/kervanmagazacilik.com\/index.php\/wp-json\/wp\/v2\/types\/product"}],"wp:featuredmedia":[{"embeddable":true,"href":"https:\/\/kervanmagazacilik.com\/index.php\/wp-json\/wp\/v2\/media\/16989"}],"wp:attachment":[{"href":"https:\/\/kervanmagazacilik.com\/index.php\/wp-json\/wp\/v2\/media?parent=16988"}],"wp:term":[{"taxonomy":"product_brand","embeddable":true,"href":"https:\/\/kervanmagazacilik.com\/index.php\/wp-json\/wp\/v2\/product_brand?post=16988"},{"taxonomy":"product_cat","embeddable":true,"href":"https:\/\/kervanmagazacilik.com\/index.php\/wp-json\/wp\/v2\/product_cat?post=16988"},{"taxonomy":"product_tag","embeddable":true,"href":"https:\/\/kervanmagazacilik.com\/index.php\/wp-json\/wp\/v2\/product_tag?post=16988"}],"curies":[{"name":"wp","href":"https:\/\/api.w.org\/{rel}","templated":true}]}}