{"id":16968,"date":"2024-11-27T17:51:33","date_gmt":"2024-11-27T14:51:33","guid":{"rendered":"https:\/\/kervanmagazacilik.com\/?post_type=product&#038;p=16968"},"modified":"2024-11-27T17:51:34","modified_gmt":"2024-11-27T14:51:34","slug":"900arj000247","status":"publish","type":"product","link":"https:\/\/kervanmagazacilik.com\/index.php\/urun\/900arj000247\/","title":{"rendered":"900ARJ000247"},"content":{"rendered":"<p>900ARJ000247<\/p>\n<p>ROSEBALL ARANJMAN B\u00dcY\u00dcK PEMBE 16&#215;36 cm<\/p>\n<p>MALZEME: Plastik+Metal<br \/>\nSAKSI \u00d6L\u00c7\u00dcS\u00dc: 26&#215;19.5&#215;30 cm<br \/>\n\u00d6l\u00e7\u00fcler +\/- 5 cm de\u011fi\u015fkenlik g\u00f6sterebilir<br \/>\nHafif nemli bezle silinebilir<\/p>\n","protected":false},"excerpt":{"rendered":"<p>900ARJ000247 ROSEBALL ARANJMAN B\u00dcY\u00dcK PEMBE 16&#215;36 cm MALZEME: Plastik+Metal SAKSI \u00d6L\u00c7\u00dcS\u00dc: 26&#215;19.5&#215;30 cm \u00d6l\u00e7\u00fcler +\/- 5 cm de\u011fi\u015fkenlik g\u00f6sterebilir Hafif nemli bezle silinebilir<\/p>\n","protected":false},"featured_media":16969,"template":"","meta":[],"product_brand":[],"product_cat":[280],"product_tag":[3827],"class_list":{"0":"post-16968","1":"product","2":"type-product","3":"status-publish","4":"has-post-thumbnail","6":"product_cat-900arj","7":"product_tag-900arj000247","9":"first","10":"instock","11":"taxable","12":"shipping-taxable","13":"product-type-simple"},"_links":{"self":[{"href":"https:\/\/kervanmagazacilik.com\/index.php\/wp-json\/wp\/v2\/product\/16968","targetHints":{"allow":["GET"]}}],"collection":[{"href":"https:\/\/kervanmagazacilik.com\/index.php\/wp-json\/wp\/v2\/product"}],"about":[{"href":"https:\/\/kervanmagazacilik.com\/index.php\/wp-json\/wp\/v2\/types\/product"}],"wp:featuredmedia":[{"embeddable":true,"href":"https:\/\/kervanmagazacilik.com\/index.php\/wp-json\/wp\/v2\/media\/16969"}],"wp:attachment":[{"href":"https:\/\/kervanmagazacilik.com\/index.php\/wp-json\/wp\/v2\/media?parent=16968"}],"wp:term":[{"taxonomy":"product_brand","embeddable":true,"href":"https:\/\/kervanmagazacilik.com\/index.php\/wp-json\/wp\/v2\/product_brand?post=16968"},{"taxonomy":"product_cat","embeddable":true,"href":"https:\/\/kervanmagazacilik.com\/index.php\/wp-json\/wp\/v2\/product_cat?post=16968"},{"taxonomy":"product_tag","embeddable":true,"href":"https:\/\/kervanmagazacilik.com\/index.php\/wp-json\/wp\/v2\/product_tag?post=16968"}],"curies":[{"name":"wp","href":"https:\/\/api.w.org\/{rel}","templated":true}]}}