{"id":16947,"date":"2024-11-27T14:31:26","date_gmt":"2024-11-27T11:31:26","guid":{"rendered":"https:\/\/kervanmagazacilik.com\/?post_type=product&#038;p=16947"},"modified":"2024-11-27T14:31:26","modified_gmt":"2024-11-27T11:31:26","slug":"900arj000241","status":"publish","type":"product","link":"https:\/\/kervanmagazacilik.com\/index.php\/urun\/900arj000241\/","title":{"rendered":"900ARJ000241"},"content":{"rendered":"<p>900ARJ000241<\/p>\n<p>MOL\u0130CA ARANJMAN MOR 55x65cm<\/p>\n<p>PLASTIK+\u00c7\u0130MENTO<\/p>\n<p>Saks\u0131 \u00f6l\u00e7\u00fcs\u00fc: 23x23x21<\/p>\n<p>\u00d6l\u00e7\u00fcler +\/- 5 cm de\u011fi\u015fkenlik g\u00f6sterebilir<\/p>\n<p>Hafif nemli bezle silinebilir<\/p>\n","protected":false},"excerpt":{"rendered":"<p>900ARJ000241 MOL\u0130CA ARANJMAN MOR 55x65cm PLASTIK+\u00c7\u0130MENTO Saks\u0131 \u00f6l\u00e7\u00fcs\u00fc: 23x23x21 \u00d6l\u00e7\u00fcler +\/- 5 cm de\u011fi\u015fkenlik g\u00f6sterebilir Hafif nemli bezle silinebilir<\/p>\n","protected":false},"featured_media":16948,"template":"","meta":[],"product_brand":[],"product_cat":[280],"product_tag":[3821],"class_list":{"0":"post-16947","1":"product","2":"type-product","3":"status-publish","4":"has-post-thumbnail","6":"product_cat-900arj","7":"product_tag-900arj000241","9":"first","10":"instock","11":"taxable","12":"shipping-taxable","13":"product-type-simple"},"_links":{"self":[{"href":"https:\/\/kervanmagazacilik.com\/index.php\/wp-json\/wp\/v2\/product\/16947","targetHints":{"allow":["GET"]}}],"collection":[{"href":"https:\/\/kervanmagazacilik.com\/index.php\/wp-json\/wp\/v2\/product"}],"about":[{"href":"https:\/\/kervanmagazacilik.com\/index.php\/wp-json\/wp\/v2\/types\/product"}],"wp:featuredmedia":[{"embeddable":true,"href":"https:\/\/kervanmagazacilik.com\/index.php\/wp-json\/wp\/v2\/media\/16948"}],"wp:attachment":[{"href":"https:\/\/kervanmagazacilik.com\/index.php\/wp-json\/wp\/v2\/media?parent=16947"}],"wp:term":[{"taxonomy":"product_brand","embeddable":true,"href":"https:\/\/kervanmagazacilik.com\/index.php\/wp-json\/wp\/v2\/product_brand?post=16947"},{"taxonomy":"product_cat","embeddable":true,"href":"https:\/\/kervanmagazacilik.com\/index.php\/wp-json\/wp\/v2\/product_cat?post=16947"},{"taxonomy":"product_tag","embeddable":true,"href":"https:\/\/kervanmagazacilik.com\/index.php\/wp-json\/wp\/v2\/product_tag?post=16947"}],"curies":[{"name":"wp","href":"https:\/\/api.w.org\/{rel}","templated":true}]}}