{"id":16944,"date":"2024-11-27T14:26:47","date_gmt":"2024-11-27T11:26:47","guid":{"rendered":"https:\/\/kervanmagazacilik.com\/?post_type=product&#038;p=16944"},"modified":"2024-11-27T14:26:47","modified_gmt":"2024-11-27T11:26:47","slug":"900arj000240","status":"publish","type":"product","link":"https:\/\/kervanmagazacilik.com\/index.php\/urun\/900arj000240\/","title":{"rendered":"900ARJ000240"},"content":{"rendered":"<p>900ARJ000240<\/p>\n<p>MOPER ARANJMAN BEYAZ 45x60cm<\/p>\n<p>PLASTIK+\u00c7\u0130MENTO<\/p>\n<p>Saks\u0131 \u00f6l\u00e7\u00fcs\u00fc: 23x23x21<\/p>\n<p>\u00d6l\u00e7\u00fcler +\/- 5 cm de\u011fi\u015fkenlik g\u00f6sterebilir<\/p>\n<p>Hafif nemli bezle silinebilir<\/p>\n","protected":false},"excerpt":{"rendered":"<p>900ARJ000240 MOPER ARANJMAN BEYAZ 45x60cm PLASTIK+\u00c7\u0130MENTO Saks\u0131 \u00f6l\u00e7\u00fcs\u00fc: 23x23x21 \u00d6l\u00e7\u00fcler +\/- 5 cm de\u011fi\u015fkenlik g\u00f6sterebilir Hafif nemli bezle silinebilir<\/p>\n","protected":false},"featured_media":16945,"template":"","meta":[],"product_brand":[],"product_cat":[280],"product_tag":[3820],"class_list":{"0":"post-16944","1":"product","2":"type-product","3":"status-publish","4":"has-post-thumbnail","6":"product_cat-900arj","7":"product_tag-900arj000240","9":"first","10":"instock","11":"taxable","12":"shipping-taxable","13":"product-type-simple"},"_links":{"self":[{"href":"https:\/\/kervanmagazacilik.com\/index.php\/wp-json\/wp\/v2\/product\/16944","targetHints":{"allow":["GET"]}}],"collection":[{"href":"https:\/\/kervanmagazacilik.com\/index.php\/wp-json\/wp\/v2\/product"}],"about":[{"href":"https:\/\/kervanmagazacilik.com\/index.php\/wp-json\/wp\/v2\/types\/product"}],"wp:featuredmedia":[{"embeddable":true,"href":"https:\/\/kervanmagazacilik.com\/index.php\/wp-json\/wp\/v2\/media\/16945"}],"wp:attachment":[{"href":"https:\/\/kervanmagazacilik.com\/index.php\/wp-json\/wp\/v2\/media?parent=16944"}],"wp:term":[{"taxonomy":"product_brand","embeddable":true,"href":"https:\/\/kervanmagazacilik.com\/index.php\/wp-json\/wp\/v2\/product_brand?post=16944"},{"taxonomy":"product_cat","embeddable":true,"href":"https:\/\/kervanmagazacilik.com\/index.php\/wp-json\/wp\/v2\/product_cat?post=16944"},{"taxonomy":"product_tag","embeddable":true,"href":"https:\/\/kervanmagazacilik.com\/index.php\/wp-json\/wp\/v2\/product_tag?post=16944"}],"curies":[{"name":"wp","href":"https:\/\/api.w.org\/{rel}","templated":true}]}}