{"id":16941,"date":"2024-11-27T12:32:59","date_gmt":"2024-11-27T09:32:59","guid":{"rendered":"https:\/\/kervanmagazacilik.com\/?post_type=product&#038;p=16941"},"modified":"2024-11-27T12:32:59","modified_gmt":"2024-11-27T09:32:59","slug":"900arj000239","status":"publish","type":"product","link":"https:\/\/kervanmagazacilik.com\/index.php\/urun\/900arj000239\/","title":{"rendered":"900ARJ000239"},"content":{"rendered":"<p>900ARJ000239<\/p>\n<p>DENTA ARANJMAN 50x65cm<\/p>\n<p>PLASTIK+\u00c7\u0130MENTO<\/p>\n<p>Saks\u0131 \u00f6l\u00e7\u00fcs\u00fc: 25x25x22 cm<\/p>\n<p>\u00d6l\u00e7\u00fcler +\/- 5 cm de\u011fi\u015fkenlik g\u00f6sterebilir<\/p>\n<p>Hafif nemli bezle silinebilir<\/p>\n","protected":false},"excerpt":{"rendered":"<p>900ARJ000239 DENTA ARANJMAN 50x65cm PLASTIK+\u00c7\u0130MENTO Saks\u0131 \u00f6l\u00e7\u00fcs\u00fc: 25x25x22 cm \u00d6l\u00e7\u00fcler +\/- 5 cm de\u011fi\u015fkenlik g\u00f6sterebilir Hafif nemli bezle silinebilir<\/p>\n","protected":false},"featured_media":16942,"template":"","meta":[],"product_brand":[],"product_cat":[280],"product_tag":[3819],"class_list":{"0":"post-16941","1":"product","2":"type-product","3":"status-publish","4":"has-post-thumbnail","6":"product_cat-900arj","7":"product_tag-900arj000239","9":"first","10":"instock","11":"taxable","12":"shipping-taxable","13":"product-type-simple"},"_links":{"self":[{"href":"https:\/\/kervanmagazacilik.com\/index.php\/wp-json\/wp\/v2\/product\/16941","targetHints":{"allow":["GET"]}}],"collection":[{"href":"https:\/\/kervanmagazacilik.com\/index.php\/wp-json\/wp\/v2\/product"}],"about":[{"href":"https:\/\/kervanmagazacilik.com\/index.php\/wp-json\/wp\/v2\/types\/product"}],"wp:featuredmedia":[{"embeddable":true,"href":"https:\/\/kervanmagazacilik.com\/index.php\/wp-json\/wp\/v2\/media\/16942"}],"wp:attachment":[{"href":"https:\/\/kervanmagazacilik.com\/index.php\/wp-json\/wp\/v2\/media?parent=16941"}],"wp:term":[{"taxonomy":"product_brand","embeddable":true,"href":"https:\/\/kervanmagazacilik.com\/index.php\/wp-json\/wp\/v2\/product_brand?post=16941"},{"taxonomy":"product_cat","embeddable":true,"href":"https:\/\/kervanmagazacilik.com\/index.php\/wp-json\/wp\/v2\/product_cat?post=16941"},{"taxonomy":"product_tag","embeddable":true,"href":"https:\/\/kervanmagazacilik.com\/index.php\/wp-json\/wp\/v2\/product_tag?post=16941"}],"curies":[{"name":"wp","href":"https:\/\/api.w.org\/{rel}","templated":true}]}}