{"id":16939,"date":"2024-11-27T12:28:17","date_gmt":"2024-11-27T09:28:17","guid":{"rendered":"https:\/\/kervanmagazacilik.com\/?post_type=product&#038;p=16939"},"modified":"2024-11-27T12:28:17","modified_gmt":"2024-11-27T09:28:17","slug":"900arj000235","status":"publish","type":"product","link":"https:\/\/kervanmagazacilik.com\/index.php\/urun\/900arj000235\/","title":{"rendered":"900ARJ000235"},"content":{"rendered":"<p>900ARJ000235<\/p>\n<p>P\u0130A SAKSILI ARAJMAN 20&#215;36 cm KREM-YE\u015e\u0130L<\/p>\n<p>MALZEME:<br \/>\n\u00f6l\u00e7\u00fcs\u00fc: 20X36 cm<br \/>\n\u00d6l\u00e7\u00fcler +\/- 5 cm de\u011fi\u015fkenlik g\u00f6sterebilir<br \/>\nALT GRUP: DEKORATIF AKSESUAR<br \/>\nHafif nemli bezle silinebilir<\/p>\n","protected":false},"excerpt":{"rendered":"<p>900ARJ000235 P\u0130A SAKSILI ARAJMAN 20&#215;36 cm KREM-YE\u015e\u0130L MALZEME: \u00f6l\u00e7\u00fcs\u00fc: 20X36 cm \u00d6l\u00e7\u00fcler +\/- 5 cm de\u011fi\u015fkenlik g\u00f6sterebilir ALT GRUP: DEKORATIF AKSESUAR Hafif nemli bezle silinebilir<\/p>\n","protected":false},"featured_media":16940,"template":"","meta":[],"product_brand":[],"product_cat":[280],"product_tag":[3818],"class_list":{"0":"post-16939","1":"product","2":"type-product","3":"status-publish","4":"has-post-thumbnail","6":"product_cat-900arj","7":"product_tag-900arj000235","9":"first","10":"instock","11":"taxable","12":"shipping-taxable","13":"product-type-simple"},"_links":{"self":[{"href":"https:\/\/kervanmagazacilik.com\/index.php\/wp-json\/wp\/v2\/product\/16939","targetHints":{"allow":["GET"]}}],"collection":[{"href":"https:\/\/kervanmagazacilik.com\/index.php\/wp-json\/wp\/v2\/product"}],"about":[{"href":"https:\/\/kervanmagazacilik.com\/index.php\/wp-json\/wp\/v2\/types\/product"}],"wp:featuredmedia":[{"embeddable":true,"href":"https:\/\/kervanmagazacilik.com\/index.php\/wp-json\/wp\/v2\/media\/16940"}],"wp:attachment":[{"href":"https:\/\/kervanmagazacilik.com\/index.php\/wp-json\/wp\/v2\/media?parent=16939"}],"wp:term":[{"taxonomy":"product_brand","embeddable":true,"href":"https:\/\/kervanmagazacilik.com\/index.php\/wp-json\/wp\/v2\/product_brand?post=16939"},{"taxonomy":"product_cat","embeddable":true,"href":"https:\/\/kervanmagazacilik.com\/index.php\/wp-json\/wp\/v2\/product_cat?post=16939"},{"taxonomy":"product_tag","embeddable":true,"href":"https:\/\/kervanmagazacilik.com\/index.php\/wp-json\/wp\/v2\/product_tag?post=16939"}],"curies":[{"name":"wp","href":"https:\/\/api.w.org\/{rel}","templated":true}]}}