{"id":16935,"date":"2024-11-27T12:16:27","date_gmt":"2024-11-27T09:16:27","guid":{"rendered":"https:\/\/kervanmagazacilik.com\/?post_type=product&#038;p=16935"},"modified":"2024-11-27T12:16:28","modified_gmt":"2024-11-27T09:16:28","slug":"900arj000233","status":"publish","type":"product","link":"https:\/\/kervanmagazacilik.com\/index.php\/urun\/900arj000233\/","title":{"rendered":"900ARJ000233"},"content":{"rendered":"<p>900ARJ000233<\/p>\n<p>ROL\u0130\u0130 SEPET 295X35X45 cm KREM-GOLD<\/p>\n<p>MALZEME: Metal+Polyester<br \/>\nVAZO:Metal \u00f6l\u00e7\u00fcs\u00fc: 28.5&#215;22.5x19cm<br \/>\n\u00d6l\u00e7\u00fcler +\/- 5 cm de\u011fi\u015fkenlik g\u00f6sterebilir<\/p>\n","protected":false},"excerpt":{"rendered":"<p>900ARJ000233 ROL\u0130\u0130 SEPET 295X35X45 cm KREM-GOLD MALZEME: Metal+Polyester VAZO:Metal \u00f6l\u00e7\u00fcs\u00fc: 28.5&#215;22.5x19cm \u00d6l\u00e7\u00fcler +\/- 5 cm de\u011fi\u015fkenlik g\u00f6sterebilir<\/p>\n","protected":false},"featured_media":16936,"template":"","meta":[],"product_brand":[],"product_cat":[280],"product_tag":[3816],"class_list":{"0":"post-16935","1":"product","2":"type-product","3":"status-publish","4":"has-post-thumbnail","6":"product_cat-900arj","7":"product_tag-900arj000233","9":"first","10":"instock","11":"taxable","12":"shipping-taxable","13":"product-type-simple"},"_links":{"self":[{"href":"https:\/\/kervanmagazacilik.com\/index.php\/wp-json\/wp\/v2\/product\/16935","targetHints":{"allow":["GET"]}}],"collection":[{"href":"https:\/\/kervanmagazacilik.com\/index.php\/wp-json\/wp\/v2\/product"}],"about":[{"href":"https:\/\/kervanmagazacilik.com\/index.php\/wp-json\/wp\/v2\/types\/product"}],"wp:featuredmedia":[{"embeddable":true,"href":"https:\/\/kervanmagazacilik.com\/index.php\/wp-json\/wp\/v2\/media\/16936"}],"wp:attachment":[{"href":"https:\/\/kervanmagazacilik.com\/index.php\/wp-json\/wp\/v2\/media?parent=16935"}],"wp:term":[{"taxonomy":"product_brand","embeddable":true,"href":"https:\/\/kervanmagazacilik.com\/index.php\/wp-json\/wp\/v2\/product_brand?post=16935"},{"taxonomy":"product_cat","embeddable":true,"href":"https:\/\/kervanmagazacilik.com\/index.php\/wp-json\/wp\/v2\/product_cat?post=16935"},{"taxonomy":"product_tag","embeddable":true,"href":"https:\/\/kervanmagazacilik.com\/index.php\/wp-json\/wp\/v2\/product_tag?post=16935"}],"curies":[{"name":"wp","href":"https:\/\/api.w.org\/{rel}","templated":true}]}}