{"id":16932,"date":"2024-11-27T12:04:03","date_gmt":"2024-11-27T09:04:03","guid":{"rendered":"https:\/\/kervanmagazacilik.com\/?post_type=product&#038;p=16932"},"modified":"2024-11-27T12:04:04","modified_gmt":"2024-11-27T09:04:04","slug":"900arj000229","status":"publish","type":"product","link":"https:\/\/kervanmagazacilik.com\/index.php\/urun\/900arj000229\/","title":{"rendered":"900ARJ000229"},"content":{"rendered":"<p>900ARJ000229<\/p>\n<p>MORACAS DUVAR ARANJMAN YE\u015e\u0130L (SOL) 50x97cm<\/p>\n<p>VAZO: Metaldir, \u00f6l\u00e7\u00fcs\u00fc:38&#215;30.5x25cm<br \/>\n\u00d6l\u00e7\u00fcler +\/- 5 cm de\u011fi\u015fkenlik g\u00f6sterebilir<\/p>\n","protected":false},"excerpt":{"rendered":"<p>900ARJ000229 MORACAS DUVAR ARANJMAN YE\u015e\u0130L (SOL) 50x97cm VAZO: Metaldir, \u00f6l\u00e7\u00fcs\u00fc:38&#215;30.5x25cm \u00d6l\u00e7\u00fcler +\/- 5 cm de\u011fi\u015fkenlik g\u00f6sterebilir<\/p>\n","protected":false},"featured_media":16933,"template":"","meta":[],"product_brand":[],"product_cat":[280],"product_tag":[3815],"class_list":{"0":"post-16932","1":"product","2":"type-product","3":"status-publish","4":"has-post-thumbnail","6":"product_cat-900arj","7":"product_tag-900arj000229","9":"first","10":"instock","11":"taxable","12":"shipping-taxable","13":"product-type-simple"},"_links":{"self":[{"href":"https:\/\/kervanmagazacilik.com\/index.php\/wp-json\/wp\/v2\/product\/16932","targetHints":{"allow":["GET"]}}],"collection":[{"href":"https:\/\/kervanmagazacilik.com\/index.php\/wp-json\/wp\/v2\/product"}],"about":[{"href":"https:\/\/kervanmagazacilik.com\/index.php\/wp-json\/wp\/v2\/types\/product"}],"wp:featuredmedia":[{"embeddable":true,"href":"https:\/\/kervanmagazacilik.com\/index.php\/wp-json\/wp\/v2\/media\/16933"}],"wp:attachment":[{"href":"https:\/\/kervanmagazacilik.com\/index.php\/wp-json\/wp\/v2\/media?parent=16932"}],"wp:term":[{"taxonomy":"product_brand","embeddable":true,"href":"https:\/\/kervanmagazacilik.com\/index.php\/wp-json\/wp\/v2\/product_brand?post=16932"},{"taxonomy":"product_cat","embeddable":true,"href":"https:\/\/kervanmagazacilik.com\/index.php\/wp-json\/wp\/v2\/product_cat?post=16932"},{"taxonomy":"product_tag","embeddable":true,"href":"https:\/\/kervanmagazacilik.com\/index.php\/wp-json\/wp\/v2\/product_tag?post=16932"}],"curies":[{"name":"wp","href":"https:\/\/api.w.org\/{rel}","templated":true}]}}