{"id":16929,"date":"2024-11-27T11:52:59","date_gmt":"2024-11-27T08:52:59","guid":{"rendered":"https:\/\/kervanmagazacilik.com\/?post_type=product&#038;p=16929"},"modified":"2024-11-27T11:52:59","modified_gmt":"2024-11-27T08:52:59","slug":"900arj000221","status":"publish","type":"product","link":"https:\/\/kervanmagazacilik.com\/index.php\/urun\/900arj000221\/","title":{"rendered":"900ARJ000221"},"content":{"rendered":"<p>900ARJ000221<\/p>\n<p>DESNER-2 ARANJMAN ORTA SAKSI 80x155cm<\/p>\n<p>Plastik<br \/>\n\u00d6l\u00e7\u00fcler +\/- 5 cm de\u011fi\u015fkenlik g\u00f6sterebilir.<br \/>\nKURU BEZ \u0130LE TOZ ALINMALIDIR<br \/>\nSAKSI:36x69cm<\/p>\n","protected":false},"excerpt":{"rendered":"<p>900ARJ000221 DESNER-2 ARANJMAN ORTA SAKSI 80x155cm Plastik \u00d6l\u00e7\u00fcler +\/- 5 cm de\u011fi\u015fkenlik g\u00f6sterebilir. KURU BEZ \u0130LE TOZ ALINMALIDIR SAKSI:36x69cm<\/p>\n","protected":false},"featured_media":16930,"template":"","meta":[],"product_brand":[],"product_cat":[280],"product_tag":[3814],"class_list":{"0":"post-16929","1":"product","2":"type-product","3":"status-publish","4":"has-post-thumbnail","6":"product_cat-900arj","7":"product_tag-900arj000221","9":"first","10":"instock","11":"taxable","12":"shipping-taxable","13":"product-type-simple"},"_links":{"self":[{"href":"https:\/\/kervanmagazacilik.com\/index.php\/wp-json\/wp\/v2\/product\/16929","targetHints":{"allow":["GET"]}}],"collection":[{"href":"https:\/\/kervanmagazacilik.com\/index.php\/wp-json\/wp\/v2\/product"}],"about":[{"href":"https:\/\/kervanmagazacilik.com\/index.php\/wp-json\/wp\/v2\/types\/product"}],"wp:featuredmedia":[{"embeddable":true,"href":"https:\/\/kervanmagazacilik.com\/index.php\/wp-json\/wp\/v2\/media\/16930"}],"wp:attachment":[{"href":"https:\/\/kervanmagazacilik.com\/index.php\/wp-json\/wp\/v2\/media?parent=16929"}],"wp:term":[{"taxonomy":"product_brand","embeddable":true,"href":"https:\/\/kervanmagazacilik.com\/index.php\/wp-json\/wp\/v2\/product_brand?post=16929"},{"taxonomy":"product_cat","embeddable":true,"href":"https:\/\/kervanmagazacilik.com\/index.php\/wp-json\/wp\/v2\/product_cat?post=16929"},{"taxonomy":"product_tag","embeddable":true,"href":"https:\/\/kervanmagazacilik.com\/index.php\/wp-json\/wp\/v2\/product_tag?post=16929"}],"curies":[{"name":"wp","href":"https:\/\/api.w.org\/{rel}","templated":true}]}}