{"id":16883,"date":"2024-11-27T11:45:11","date_gmt":"2024-11-27T08:45:11","guid":{"rendered":"https:\/\/kervanmagazacilik.com\/?post_type=product&#038;p=16883"},"modified":"2024-11-27T11:45:12","modified_gmt":"2024-11-27T08:45:12","slug":"900arj000217","status":"publish","type":"product","link":"https:\/\/kervanmagazacilik.com\/index.php\/urun\/900arj000217\/","title":{"rendered":"900ARJ000217"},"content":{"rendered":"<p>900ARJ000217<\/p>\n<p>MOLERS ARANJMAN 55X75 CM KREM-YESIL<\/p>\n<p>\u00d6l\u00e7\u00fcler +\/- 5 cm de\u011fi\u015fkenlik g\u00f6sterebilir<br \/>\nALT GRUP: SALON TEKST\u0130L\u0130<br \/>\nHafif nemli bezle silinebilir<br \/>\nMALZEME: Metal+Plastik<br \/>\nVAZO: Metaldir, \u00f6l\u00e7\u00fcs\u00fc:38&#215;30.5x25cm<\/p>\n<p>&nbsp;<\/p>\n","protected":false},"excerpt":{"rendered":"<p>900ARJ000217 MOLERS ARANJMAN 55X75 CM KREM-YESIL \u00d6l\u00e7\u00fcler +\/- 5 cm de\u011fi\u015fkenlik g\u00f6sterebilir ALT GRUP: SALON TEKST\u0130L\u0130 Hafif nemli bezle silinebilir MALZEME: Metal+Plastik VAZO: Metaldir, \u00f6l\u00e7\u00fcs\u00fc:38&#215;30.5x25cm &nbsp;<\/p>\n","protected":false},"featured_media":16884,"template":"","meta":[],"product_brand":[],"product_cat":[280],"product_tag":[3813],"class_list":{"0":"post-16883","1":"product","2":"type-product","3":"status-publish","4":"has-post-thumbnail","6":"product_cat-900arj","7":"product_tag-900arj000217","9":"first","10":"instock","11":"taxable","12":"shipping-taxable","13":"product-type-simple"},"_links":{"self":[{"href":"https:\/\/kervanmagazacilik.com\/index.php\/wp-json\/wp\/v2\/product\/16883","targetHints":{"allow":["GET"]}}],"collection":[{"href":"https:\/\/kervanmagazacilik.com\/index.php\/wp-json\/wp\/v2\/product"}],"about":[{"href":"https:\/\/kervanmagazacilik.com\/index.php\/wp-json\/wp\/v2\/types\/product"}],"wp:featuredmedia":[{"embeddable":true,"href":"https:\/\/kervanmagazacilik.com\/index.php\/wp-json\/wp\/v2\/media\/16884"}],"wp:attachment":[{"href":"https:\/\/kervanmagazacilik.com\/index.php\/wp-json\/wp\/v2\/media?parent=16883"}],"wp:term":[{"taxonomy":"product_brand","embeddable":true,"href":"https:\/\/kervanmagazacilik.com\/index.php\/wp-json\/wp\/v2\/product_brand?post=16883"},{"taxonomy":"product_cat","embeddable":true,"href":"https:\/\/kervanmagazacilik.com\/index.php\/wp-json\/wp\/v2\/product_cat?post=16883"},{"taxonomy":"product_tag","embeddable":true,"href":"https:\/\/kervanmagazacilik.com\/index.php\/wp-json\/wp\/v2\/product_tag?post=16883"}],"curies":[{"name":"wp","href":"https:\/\/api.w.org\/{rel}","templated":true}]}}