{"id":16636,"date":"2024-11-27T09:41:37","date_gmt":"2024-11-27T06:41:37","guid":{"rendered":"https:\/\/kervanmagazacilik.com\/?post_type=product&#038;p=16636"},"modified":"2025-09-30T16:39:47","modified_gmt":"2025-09-30T13:39:47","slug":"611lj0000003","status":"publish","type":"product","link":"https:\/\/kervanmagazacilik.com\/index.php\/urun\/611lj0000003\/","title":{"rendered":"611LJ0000003"},"content":{"rendered":"<p>611LJ0000003<\/p>\n<p>SANDALYE KOLSUZ KAHVE 50x60x98cm LJ-DC-003B<\/p>\n<p>Me\u015fe A\u011fac\u0131 &#8211; Kuma\u015f<\/p>\n<p>40%Keten-60%Pamuk<\/p>\n<p>\u00dcr\u00fcn\u00fc do\u011frudan g\u00fcne\u015f \u0131\u015f\u0131\u011f\u0131na maruz b\u0131rakmaktan ka\u00e7\u0131n\u0131n.Toz veya t\u00fcyleri temizlemek i\u00e7in d\u00f6\u015femeyi nazik\u00e7e s\u00fcp\u00fcr\u00fcn\u00fcz.D\u00f6k\u00fclme ve lekeleri derhal asidik kar\u0131\u015f\u0131mlarla (Temiz suya taze limon suyu veya beyaz sirke gibi asidik maddeler eklenerek) nazik\u00e7e temizleyip, ard\u0131ndan etkilenen b\u00f6lgenin g\u00f6lgede kurumas\u0131n\u0131 bekleyiniz. Kuma\u015f\u0131n g\u00f6r\u00fcn\u00fcm\u00fcn\u00fc de\u011fi\u015ftirebilece\u011finden dolay\u0131 sert bir \u015fekilde ovmaktan ka\u00e7\u0131n\u0131n.D\u00f6\u015feme asla \u00fct\u00fclenmemelidir. Mobilyan\u0131z\u0131 en iyi durumda tutmak i\u00e7in profesyonel temizlik \u00f6nerilmektedir.Normal g\u00fcnl\u00fck a\u015f\u0131nman\u0131n bir sonucu olarak zaman zaman t\u00fcylenme meydana gelebilir bu bir hata olarak de\u011ferlendirilmemelidir.<\/p>\n","protected":false},"excerpt":{"rendered":"<p>611LJ0000003 SANDALYE KOLSUZ KAHVE 50x60x98cm LJ-DC-003B Me\u015fe A\u011fac\u0131 &#8211; Kuma\u015f 40%Keten-60%Pamuk \u00dcr\u00fcn\u00fc do\u011frudan g\u00fcne\u015f \u0131\u015f\u0131\u011f\u0131na maruz b\u0131rakmaktan ka\u00e7\u0131n\u0131n.Toz veya t\u00fcyleri temizlemek i\u00e7in d\u00f6\u015femeyi nazik\u00e7e s\u00fcp\u00fcr\u00fcn\u00fcz.D\u00f6k\u00fclme ve lekeleri derhal asidik kar\u0131\u015f\u0131mlarla (Temiz suya taze limon suyu veya beyaz sirke gibi asidik maddeler eklenerek) nazik\u00e7e temizleyip, ard\u0131ndan etkilenen b\u00f6lgenin g\u00f6lgede kurumas\u0131n\u0131 bekleyiniz. Kuma\u015f\u0131n g\u00f6r\u00fcn\u00fcm\u00fcn\u00fc de\u011fi\u015ftirebilece\u011finden dolay\u0131 sert [&hellip;]<\/p>\n","protected":false},"featured_media":31087,"template":"","meta":[],"product_brand":[],"product_cat":[2996],"product_tag":[3773],"class_list":{"0":"post-16636","1":"product","2":"type-product","3":"status-publish","4":"has-post-thumbnail","6":"product_cat-611lj","7":"product_tag-611lj0000003","9":"first","10":"instock","11":"taxable","12":"shipping-taxable","13":"product-type-simple"},"_links":{"self":[{"href":"https:\/\/kervanmagazacilik.com\/index.php\/wp-json\/wp\/v2\/product\/16636","targetHints":{"allow":["GET"]}}],"collection":[{"href":"https:\/\/kervanmagazacilik.com\/index.php\/wp-json\/wp\/v2\/product"}],"about":[{"href":"https:\/\/kervanmagazacilik.com\/index.php\/wp-json\/wp\/v2\/types\/product"}],"wp:featuredmedia":[{"embeddable":true,"href":"https:\/\/kervanmagazacilik.com\/index.php\/wp-json\/wp\/v2\/media\/31087"}],"wp:attachment":[{"href":"https:\/\/kervanmagazacilik.com\/index.php\/wp-json\/wp\/v2\/media?parent=16636"}],"wp:term":[{"taxonomy":"product_brand","embeddable":true,"href":"https:\/\/kervanmagazacilik.com\/index.php\/wp-json\/wp\/v2\/product_brand?post=16636"},{"taxonomy":"product_cat","embeddable":true,"href":"https:\/\/kervanmagazacilik.com\/index.php\/wp-json\/wp\/v2\/product_cat?post=16636"},{"taxonomy":"product_tag","embeddable":true,"href":"https:\/\/kervanmagazacilik.com\/index.php\/wp-json\/wp\/v2\/product_tag?post=16636"}],"curies":[{"name":"wp","href":"https:\/\/api.w.org\/{rel}","templated":true}]}}