{"id":16632,"date":"2024-11-27T10:38:04","date_gmt":"2024-11-27T07:38:04","guid":{"rendered":"https:\/\/kervanmagazacilik.com\/?post_type=product&#038;p=16632"},"modified":"2024-11-27T10:38:05","modified_gmt":"2024-11-27T07:38:05","slug":"673ova000009","status":"publish","type":"product","link":"https:\/\/kervanmagazacilik.com\/index.php\/urun\/673ova000009\/","title":{"rendered":"673OVA000009"},"content":{"rendered":"<p>673OVA000009<\/p>\n<p>EL\u0130TA 6&#8217;LI F\u0130NCAN TAKIMI (90 CC)<\/p>\n<p>Malzeme: Porselen. Bu\u015fal\u0131k makinesinde y\u0131kamaya uygun de\u011fildir, elde y\u0131kanmal\u0131d\u0131r. Y\u00fcksek kaliteli porselen malzemesi ile \u00fcretilmi\u015f, uzun \u00f6m\u00fcrl\u00fc ve dayan\u0131kl\u0131 kullan\u0131m sunar. 6 ki\u015filik set i\u00e7eri\u011fiyle aile yemeklerinden arkada\u015f toplant\u0131lar\u0131na kadar her t\u00fcrl\u00fc sosyal etkinlik i\u00e7in idealdir. Zarif \u00e7i\u00e7ek desenleriyle s\u00fcslenmi\u015f tasar\u0131m\u0131, sofralar\u0131n\u0131za estetik bir dokunu\u015f katar.<\/p>\n<p>&nbsp;<\/p>\n","protected":false},"excerpt":{"rendered":"<p>673OVA000009 EL\u0130TA 6&#8217;LI F\u0130NCAN TAKIMI (90 CC) Malzeme: Porselen. Bu\u015fal\u0131k makinesinde y\u0131kamaya uygun de\u011fildir, elde y\u0131kanmal\u0131d\u0131r. Y\u00fcksek kaliteli porselen malzemesi ile \u00fcretilmi\u015f, uzun \u00f6m\u00fcrl\u00fc ve dayan\u0131kl\u0131 kullan\u0131m sunar. 6 ki\u015filik set i\u00e7eri\u011fiyle aile yemeklerinden arkada\u015f toplant\u0131lar\u0131na kadar her t\u00fcrl\u00fc sosyal etkinlik i\u00e7in idealdir. Zarif \u00e7i\u00e7ek desenleriyle s\u00fcslenmi\u015f tasar\u0131m\u0131, sofralar\u0131n\u0131za estetik bir dokunu\u015f katar. &nbsp;<\/p>\n","protected":false},"featured_media":16778,"template":"","meta":[],"product_brand":[],"product_cat":[173],"product_tag":[3799],"class_list":{"0":"post-16632","1":"product","2":"type-product","3":"status-publish","4":"has-post-thumbnail","6":"product_cat-673ova","7":"product_tag-673ova000009","9":"first","10":"instock","11":"taxable","12":"shipping-taxable","13":"product-type-simple"},"_links":{"self":[{"href":"https:\/\/kervanmagazacilik.com\/index.php\/wp-json\/wp\/v2\/product\/16632","targetHints":{"allow":["GET"]}}],"collection":[{"href":"https:\/\/kervanmagazacilik.com\/index.php\/wp-json\/wp\/v2\/product"}],"about":[{"href":"https:\/\/kervanmagazacilik.com\/index.php\/wp-json\/wp\/v2\/types\/product"}],"wp:featuredmedia":[{"embeddable":true,"href":"https:\/\/kervanmagazacilik.com\/index.php\/wp-json\/wp\/v2\/media\/16778"}],"wp:attachment":[{"href":"https:\/\/kervanmagazacilik.com\/index.php\/wp-json\/wp\/v2\/media?parent=16632"}],"wp:term":[{"taxonomy":"product_brand","embeddable":true,"href":"https:\/\/kervanmagazacilik.com\/index.php\/wp-json\/wp\/v2\/product_brand?post=16632"},{"taxonomy":"product_cat","embeddable":true,"href":"https:\/\/kervanmagazacilik.com\/index.php\/wp-json\/wp\/v2\/product_cat?post=16632"},{"taxonomy":"product_tag","embeddable":true,"href":"https:\/\/kervanmagazacilik.com\/index.php\/wp-json\/wp\/v2\/product_tag?post=16632"}],"curies":[{"name":"wp","href":"https:\/\/api.w.org\/{rel}","templated":true}]}}