{"id":16599,"date":"2024-11-27T09:29:23","date_gmt":"2024-11-27T06:29:23","guid":{"rendered":"https:\/\/kervanmagazacilik.com\/?post_type=product&#038;p=16599"},"modified":"2024-11-27T09:29:24","modified_gmt":"2024-11-27T06:29:24","slug":"611cr0000345","status":"publish","type":"product","link":"https:\/\/kervanmagazacilik.com\/index.php\/urun\/611cr0000345\/","title":{"rendered":"611CR0000345"},"content":{"rendered":"<p>611CR0000345<\/p>\n<p>GOA SANDALYE 45x45x102cm CAC65-401<\/p>\n<p>MANGO A\u011eACI<br \/>\nH\u0130ND\u0130STAN&#8217;DA \u00dcRET\u0130LM\u0130\u015eT\u0130R<\/p>\n","protected":false},"excerpt":{"rendered":"<p>611CR0000345 GOA SANDALYE 45x45x102cm CAC65-401 MANGO A\u011eACI H\u0130ND\u0130STAN&#8217;DA \u00dcRET\u0130LM\u0130\u015eT\u0130R<\/p>\n","protected":false},"featured_media":16600,"template":"","meta":[],"product_brand":[],"product_cat":[146],"product_tag":[3765],"class_list":{"0":"post-16599","1":"product","2":"type-product","3":"status-publish","4":"has-post-thumbnail","6":"product_cat-611cr","7":"product_tag-611cr0000345","9":"first","10":"instock","11":"taxable","12":"shipping-taxable","13":"product-type-simple"},"_links":{"self":[{"href":"https:\/\/kervanmagazacilik.com\/index.php\/wp-json\/wp\/v2\/product\/16599","targetHints":{"allow":["GET"]}}],"collection":[{"href":"https:\/\/kervanmagazacilik.com\/index.php\/wp-json\/wp\/v2\/product"}],"about":[{"href":"https:\/\/kervanmagazacilik.com\/index.php\/wp-json\/wp\/v2\/types\/product"}],"wp:featuredmedia":[{"embeddable":true,"href":"https:\/\/kervanmagazacilik.com\/index.php\/wp-json\/wp\/v2\/media\/16600"}],"wp:attachment":[{"href":"https:\/\/kervanmagazacilik.com\/index.php\/wp-json\/wp\/v2\/media?parent=16599"}],"wp:term":[{"taxonomy":"product_brand","embeddable":true,"href":"https:\/\/kervanmagazacilik.com\/index.php\/wp-json\/wp\/v2\/product_brand?post=16599"},{"taxonomy":"product_cat","embeddable":true,"href":"https:\/\/kervanmagazacilik.com\/index.php\/wp-json\/wp\/v2\/product_cat?post=16599"},{"taxonomy":"product_tag","embeddable":true,"href":"https:\/\/kervanmagazacilik.com\/index.php\/wp-json\/wp\/v2\/product_tag?post=16599"}],"curies":[{"name":"wp","href":"https:\/\/api.w.org\/{rel}","templated":true}]}}