{"id":16516,"date":"2024-11-27T01:52:19","date_gmt":"2024-11-26T22:52:19","guid":{"rendered":"https:\/\/kervanmagazacilik.com\/?post_type=product&#038;p=16516"},"modified":"2024-11-27T01:52:19","modified_gmt":"2024-11-26T22:52:19","slug":"673ova000021","status":"publish","type":"product","link":"https:\/\/kervanmagazacilik.com\/index.php\/urun\/673ova000021\/","title":{"rendered":"673OVA000021"},"content":{"rendered":"<p>673OVA000021<\/p>\n<p>POMEGRANATE 6&#8217;LI 20 CM YUVARLAK PASTA TABA\u011eI<\/p>\n<p>Madde: Stoneware (Do\u011fal kaynak, temiz ve sa\u011fl\u0131\u011fa uygun hammaddelerden \u00fcretilen, sert, porozitesi d\u00fc\u015f\u00fck ve sa\u011fl\u0131kl\u0131 bir \u00fcr\u00fcnd\u00fcr.) Bula\u015f\u0131k makinesinde y\u0131kamaya uygundur.<\/p>\n","protected":false},"excerpt":{"rendered":"<p>673OVA000021 POMEGRANATE 6&#8217;LI 20 CM YUVARLAK PASTA TABA\u011eI Madde: Stoneware (Do\u011fal kaynak, temiz ve sa\u011fl\u0131\u011fa uygun hammaddelerden \u00fcretilen, sert, porozitesi d\u00fc\u015f\u00fck ve sa\u011fl\u0131kl\u0131 bir \u00fcr\u00fcnd\u00fcr.) Bula\u015f\u0131k makinesinde y\u0131kamaya uygundur.<\/p>\n","protected":false},"featured_media":16517,"template":"","meta":[],"product_brand":[],"product_cat":[173],"product_tag":[3749],"class_list":{"0":"post-16516","1":"product","2":"type-product","3":"status-publish","4":"has-post-thumbnail","6":"product_cat-673ova","7":"product_tag-673ova000021","9":"first","10":"instock","11":"taxable","12":"shipping-taxable","13":"product-type-simple"},"_links":{"self":[{"href":"https:\/\/kervanmagazacilik.com\/index.php\/wp-json\/wp\/v2\/product\/16516","targetHints":{"allow":["GET"]}}],"collection":[{"href":"https:\/\/kervanmagazacilik.com\/index.php\/wp-json\/wp\/v2\/product"}],"about":[{"href":"https:\/\/kervanmagazacilik.com\/index.php\/wp-json\/wp\/v2\/types\/product"}],"wp:featuredmedia":[{"embeddable":true,"href":"https:\/\/kervanmagazacilik.com\/index.php\/wp-json\/wp\/v2\/media\/16517"}],"wp:attachment":[{"href":"https:\/\/kervanmagazacilik.com\/index.php\/wp-json\/wp\/v2\/media?parent=16516"}],"wp:term":[{"taxonomy":"product_brand","embeddable":true,"href":"https:\/\/kervanmagazacilik.com\/index.php\/wp-json\/wp\/v2\/product_brand?post=16516"},{"taxonomy":"product_cat","embeddable":true,"href":"https:\/\/kervanmagazacilik.com\/index.php\/wp-json\/wp\/v2\/product_cat?post=16516"},{"taxonomy":"product_tag","embeddable":true,"href":"https:\/\/kervanmagazacilik.com\/index.php\/wp-json\/wp\/v2\/product_tag?post=16516"}],"curies":[{"name":"wp","href":"https:\/\/api.w.org\/{rel}","templated":true}]}}