{"id":16507,"date":"2024-11-27T01:50:14","date_gmt":"2024-11-26T22:50:14","guid":{"rendered":"https:\/\/kervanmagazacilik.com\/?post_type=product&#038;p=16507"},"modified":"2024-11-27T01:50:14","modified_gmt":"2024-11-26T22:50:14","slug":"673ova000020","status":"publish","type":"product","link":"https:\/\/kervanmagazacilik.com\/index.php\/urun\/673ova000020\/","title":{"rendered":"673OVA000020"},"content":{"rendered":"<p>673OVA000020<\/p>\n<p>DEER ROSE 6&#8217;LI 26 CM YUVARLAK SERV\u0130S TABA\u011eI<\/p>\n<p>Madde: Stoneware (Do\u011fal kaynak, temiz ve sa\u011fl\u0131\u011fa uygun hammaddelerden \u00fcretilen, sert, porozitesi d\u00fc\u015f\u00fck ve sa\u011fl\u0131kl\u0131 bir \u00fcr\u00fcnd\u00fcr.) Bula\u015f\u0131k makinesinde y\u0131kamaya uygundur.<\/p>\n","protected":false},"excerpt":{"rendered":"<p>673OVA000020 DEER ROSE 6&#8217;LI 26 CM YUVARLAK SERV\u0130S TABA\u011eI Madde: Stoneware (Do\u011fal kaynak, temiz ve sa\u011fl\u0131\u011fa uygun hammaddelerden \u00fcretilen, sert, porozitesi d\u00fc\u015f\u00fck ve sa\u011fl\u0131kl\u0131 bir \u00fcr\u00fcnd\u00fcr.) Bula\u015f\u0131k makinesinde y\u0131kamaya uygundur.<\/p>\n","protected":false},"featured_media":16508,"template":"","meta":[],"product_brand":[],"product_cat":[173],"product_tag":[3748],"class_list":{"0":"post-16507","1":"product","2":"type-product","3":"status-publish","4":"has-post-thumbnail","6":"product_cat-673ova","7":"product_tag-673ova000020","9":"first","10":"instock","11":"taxable","12":"shipping-taxable","13":"product-type-simple"},"_links":{"self":[{"href":"https:\/\/kervanmagazacilik.com\/index.php\/wp-json\/wp\/v2\/product\/16507","targetHints":{"allow":["GET"]}}],"collection":[{"href":"https:\/\/kervanmagazacilik.com\/index.php\/wp-json\/wp\/v2\/product"}],"about":[{"href":"https:\/\/kervanmagazacilik.com\/index.php\/wp-json\/wp\/v2\/types\/product"}],"wp:featuredmedia":[{"embeddable":true,"href":"https:\/\/kervanmagazacilik.com\/index.php\/wp-json\/wp\/v2\/media\/16508"}],"wp:attachment":[{"href":"https:\/\/kervanmagazacilik.com\/index.php\/wp-json\/wp\/v2\/media?parent=16507"}],"wp:term":[{"taxonomy":"product_brand","embeddable":true,"href":"https:\/\/kervanmagazacilik.com\/index.php\/wp-json\/wp\/v2\/product_brand?post=16507"},{"taxonomy":"product_cat","embeddable":true,"href":"https:\/\/kervanmagazacilik.com\/index.php\/wp-json\/wp\/v2\/product_cat?post=16507"},{"taxonomy":"product_tag","embeddable":true,"href":"https:\/\/kervanmagazacilik.com\/index.php\/wp-json\/wp\/v2\/product_tag?post=16507"}],"curies":[{"name":"wp","href":"https:\/\/api.w.org\/{rel}","templated":true}]}}