{"id":16494,"date":"2024-11-27T01:44:49","date_gmt":"2024-11-26T22:44:49","guid":{"rendered":"https:\/\/kervanmagazacilik.com\/?post_type=product&#038;p=16494"},"modified":"2024-11-27T01:44:49","modified_gmt":"2024-11-26T22:44:49","slug":"673ova000018","status":"publish","type":"product","link":"https:\/\/kervanmagazacilik.com\/index.php\/urun\/673ova000018\/","title":{"rendered":"673OVA000018"},"content":{"rendered":"<p>673OVA000018<\/p>\n<p>KIZAKLI GEY\u0130K KUPA 345 CC<\/p>\n<p>Malzeme: Seramik<br \/>\nBula\u015f\u0131k makinesinde y\u0131kamaya uygundur.<\/p>\n","protected":false},"excerpt":{"rendered":"<p>673OVA000018 KIZAKLI GEY\u0130K KUPA 345 CC Malzeme: Seramik Bula\u015f\u0131k makinesinde y\u0131kamaya uygundur.<\/p>\n","protected":false},"featured_media":16495,"template":"","meta":[],"product_brand":[],"product_cat":[173],"product_tag":[3746],"class_list":{"0":"post-16494","1":"product","2":"type-product","3":"status-publish","4":"has-post-thumbnail","6":"product_cat-673ova","7":"product_tag-673ova000018","9":"first","10":"instock","11":"taxable","12":"shipping-taxable","13":"product-type-simple"},"_links":{"self":[{"href":"https:\/\/kervanmagazacilik.com\/index.php\/wp-json\/wp\/v2\/product\/16494","targetHints":{"allow":["GET"]}}],"collection":[{"href":"https:\/\/kervanmagazacilik.com\/index.php\/wp-json\/wp\/v2\/product"}],"about":[{"href":"https:\/\/kervanmagazacilik.com\/index.php\/wp-json\/wp\/v2\/types\/product"}],"wp:featuredmedia":[{"embeddable":true,"href":"https:\/\/kervanmagazacilik.com\/index.php\/wp-json\/wp\/v2\/media\/16495"}],"wp:attachment":[{"href":"https:\/\/kervanmagazacilik.com\/index.php\/wp-json\/wp\/v2\/media?parent=16494"}],"wp:term":[{"taxonomy":"product_brand","embeddable":true,"href":"https:\/\/kervanmagazacilik.com\/index.php\/wp-json\/wp\/v2\/product_brand?post=16494"},{"taxonomy":"product_cat","embeddable":true,"href":"https:\/\/kervanmagazacilik.com\/index.php\/wp-json\/wp\/v2\/product_cat?post=16494"},{"taxonomy":"product_tag","embeddable":true,"href":"https:\/\/kervanmagazacilik.com\/index.php\/wp-json\/wp\/v2\/product_tag?post=16494"}],"curies":[{"name":"wp","href":"https:\/\/api.w.org\/{rel}","templated":true}]}}