{"id":16485,"date":"2024-11-27T01:39:43","date_gmt":"2024-11-26T22:39:43","guid":{"rendered":"https:\/\/kervanmagazacilik.com\/?post_type=product&#038;p=16485"},"modified":"2024-11-27T01:39:43","modified_gmt":"2024-11-26T22:39:43","slug":"673ova000016","status":"publish","type":"product","link":"https:\/\/kervanmagazacilik.com\/index.php\/urun\/673ova000016\/","title":{"rendered":"673OVA000016"},"content":{"rendered":"<p>673OVA000016<\/p>\n<p>\u015eAPKALI GEY\u0130KL\u0130 KUPA 345 CC<\/p>\n<p>Malzeme: Seramik<br \/>\nBula\u015f\u0131k makinesinde y\u0131kamaya uygundur.<\/p>\n","protected":false},"excerpt":{"rendered":"<p>673OVA000016 \u015eAPKALI GEY\u0130KL\u0130 KUPA 345 CC Malzeme: Seramik Bula\u015f\u0131k makinesinde y\u0131kamaya uygundur.<\/p>\n","protected":false},"featured_media":16486,"template":"","meta":[],"product_brand":[],"product_cat":[173],"product_tag":[3744],"class_list":{"0":"post-16485","1":"product","2":"type-product","3":"status-publish","4":"has-post-thumbnail","6":"product_cat-673ova","7":"product_tag-673ova000016","9":"first","10":"instock","11":"taxable","12":"shipping-taxable","13":"product-type-simple"},"_links":{"self":[{"href":"https:\/\/kervanmagazacilik.com\/index.php\/wp-json\/wp\/v2\/product\/16485","targetHints":{"allow":["GET"]}}],"collection":[{"href":"https:\/\/kervanmagazacilik.com\/index.php\/wp-json\/wp\/v2\/product"}],"about":[{"href":"https:\/\/kervanmagazacilik.com\/index.php\/wp-json\/wp\/v2\/types\/product"}],"wp:featuredmedia":[{"embeddable":true,"href":"https:\/\/kervanmagazacilik.com\/index.php\/wp-json\/wp\/v2\/media\/16486"}],"wp:attachment":[{"href":"https:\/\/kervanmagazacilik.com\/index.php\/wp-json\/wp\/v2\/media?parent=16485"}],"wp:term":[{"taxonomy":"product_brand","embeddable":true,"href":"https:\/\/kervanmagazacilik.com\/index.php\/wp-json\/wp\/v2\/product_brand?post=16485"},{"taxonomy":"product_cat","embeddable":true,"href":"https:\/\/kervanmagazacilik.com\/index.php\/wp-json\/wp\/v2\/product_cat?post=16485"},{"taxonomy":"product_tag","embeddable":true,"href":"https:\/\/kervanmagazacilik.com\/index.php\/wp-json\/wp\/v2\/product_tag?post=16485"}],"curies":[{"name":"wp","href":"https:\/\/api.w.org\/{rel}","templated":true}]}}