{"id":16477,"date":"2024-11-27T01:36:04","date_gmt":"2024-11-26T22:36:04","guid":{"rendered":"https:\/\/kervanmagazacilik.com\/?post_type=product&#038;p=16477"},"modified":"2024-11-27T01:36:04","modified_gmt":"2024-11-26T22:36:04","slug":"673ova000014","status":"publish","type":"product","link":"https:\/\/kervanmagazacilik.com\/index.php\/urun\/673ova000014\/","title":{"rendered":"673OVA000014"},"content":{"rendered":"<p>673OVA000014<\/p>\n<p>\u00c7AM A\u011eA\u00c7LI KUPA 345 CC<\/p>\n<p>Malzeme: Seramik<br \/>\nBula\u015f\u0131k makinesinde y\u0131kamaya uygundur.<\/p>\n","protected":false},"excerpt":{"rendered":"<p>673OVA000014 \u00c7AM A\u011eA\u00c7LI KUPA 345 CC Malzeme: Seramik Bula\u015f\u0131k makinesinde y\u0131kamaya uygundur.<\/p>\n","protected":false},"featured_media":16478,"template":"","meta":[],"product_brand":[],"product_cat":[173],"product_tag":[3742],"class_list":{"0":"post-16477","1":"product","2":"type-product","3":"status-publish","4":"has-post-thumbnail","6":"product_cat-673ova","7":"product_tag-673ova000014","9":"first","10":"instock","11":"taxable","12":"shipping-taxable","13":"product-type-simple"},"_links":{"self":[{"href":"https:\/\/kervanmagazacilik.com\/index.php\/wp-json\/wp\/v2\/product\/16477","targetHints":{"allow":["GET"]}}],"collection":[{"href":"https:\/\/kervanmagazacilik.com\/index.php\/wp-json\/wp\/v2\/product"}],"about":[{"href":"https:\/\/kervanmagazacilik.com\/index.php\/wp-json\/wp\/v2\/types\/product"}],"wp:featuredmedia":[{"embeddable":true,"href":"https:\/\/kervanmagazacilik.com\/index.php\/wp-json\/wp\/v2\/media\/16478"}],"wp:attachment":[{"href":"https:\/\/kervanmagazacilik.com\/index.php\/wp-json\/wp\/v2\/media?parent=16477"}],"wp:term":[{"taxonomy":"product_brand","embeddable":true,"href":"https:\/\/kervanmagazacilik.com\/index.php\/wp-json\/wp\/v2\/product_brand?post=16477"},{"taxonomy":"product_cat","embeddable":true,"href":"https:\/\/kervanmagazacilik.com\/index.php\/wp-json\/wp\/v2\/product_cat?post=16477"},{"taxonomy":"product_tag","embeddable":true,"href":"https:\/\/kervanmagazacilik.com\/index.php\/wp-json\/wp\/v2\/product_tag?post=16477"}],"curies":[{"name":"wp","href":"https:\/\/api.w.org\/{rel}","templated":true}]}}